{"id":19272,"date":"2025-07-03T14:22:40","date_gmt":"2025-07-03T14:22:40","guid":{"rendered":"https:\/\/mirex.gob.do\/transparencia\/?page_id=19272"},"modified":"2025-07-31T11:55:38","modified_gmt":"2025-07-31T11:55:38","slug":"compras-menores-julio-2025","status":"publish","type":"page","link":"https:\/\/mirex.gob.do\/transparencia\/compras-menores-julio-2025\/","title":{"rendered":"Compras menores | Julio 2025"},"content":{"rendered":"\t\t<div data-elementor-type=\"wp-page\" data-elementor-id=\"19272\" class=\"elementor elementor-19272\" data-elementor-post-type=\"page\">\n\t\t\t\t\t\t<section class=\"elementor-section elementor-top-section elementor-element elementor-element-b01e02b elementor-section-boxed elementor-section-height-default elementor-section-height-default wpr-particle-no wpr-jarallax-no wpr-parallax-no wpr-sticky-section-no\" data-id=\"b01e02b\" data-element_type=\"section\" data-e-type=\"section\">\n\t\t\t\t\t\t<div class=\"elementor-container elementor-column-gap-default\">\n\t\t\t\t\t<div class=\"elementor-column elementor-col-100 elementor-top-column elementor-element elementor-element-0571c79\" data-id=\"0571c79\" data-element_type=\"column\" data-e-type=\"column\">\n\t\t\t<div class=\"elementor-widget-wrap elementor-element-populated\">\n\t\t\t\t\t\t<section class=\"elementor-section elementor-inner-section elementor-element elementor-element-dc9e8be elementor-section-boxed elementor-section-height-default elementor-section-height-default wpr-particle-no wpr-jarallax-no wpr-parallax-no wpr-sticky-section-no\" data-id=\"dc9e8be\" data-element_type=\"section\" data-e-type=\"section\">\n\t\t\t\t\t\t<div class=\"elementor-container elementor-column-gap-default\">\n\t\t\t\t\t<div class=\"elementor-column elementor-col-50 elementor-inner-column elementor-element elementor-element-2918a94\" data-id=\"2918a94\" data-element_type=\"column\" data-e-type=\"column\">\n\t\t\t<div class=\"elementor-widget-wrap elementor-element-populated\">\n\t\t\t\t\t\t<div class=\"elementor-element elementor-element-6bc1bf8 elementor-widget elementor-widget-heading\" data-id=\"6bc1bf8\" data-element_type=\"widget\" data-e-type=\"widget\" data-widget_type=\"heading.default\">\n\t\t\t\t<div class=\"elementor-widget-container\">\n\t\t\t\t\t<h2 class=\"elementor-heading-title elementor-size-default\">Compras y Contrataciones \/ 2025<\/h2>\t\t\t\t<\/div>\n\t\t\t\t<\/div>\n\t\t\t\t\t<\/div>\n\t\t<\/div>\n\t\t\t\t<div class=\"elementor-column elementor-col-50 elementor-inner-column elementor-element elementor-element-1de5a5e\" data-id=\"1de5a5e\" data-element_type=\"column\" data-e-type=\"column\">\n\t\t\t<div class=\"elementor-widget-wrap elementor-element-populated\">\n\t\t\t\t\t\t<div class=\"elementor-element elementor-element-3021c61 elementor-widget elementor-widget-heading\" data-id=\"3021c61\" data-element_type=\"widget\" data-e-type=\"widget\" data-widget_type=\"heading.default\">\n\t\t\t\t<div class=\"elementor-widget-container\">\n\t\t\t\t\t<h2 class=\"elementor-heading-title elementor-size-small\"><a href=\"https:\/\/mirex.gob.do\/transparencia\/compras-menores-2025\/\">&lt; Back<\/a><\/h2>\t\t\t\t<\/div>\n\t\t\t\t<\/div>\n\t\t\t\t\t<\/div>\n\t\t<\/div>\n\t\t\t\t\t<\/div>\n\t\t<\/section>\n\t\t\t\t<section class=\"elementor-section elementor-inner-section elementor-element elementor-element-4e03b70 elementor-section-boxed elementor-section-height-default elementor-section-height-default wpr-particle-no wpr-jarallax-no wpr-parallax-no wpr-sticky-section-no\" data-id=\"4e03b70\" data-element_type=\"section\" data-e-type=\"section\">\n\t\t\t\t\t\t<div class=\"elementor-container elementor-column-gap-default\">\n\t\t\t\t\t<div class=\"elementor-column elementor-col-100 elementor-inner-column elementor-element elementor-element-945dacd\" data-id=\"945dacd\" data-element_type=\"column\" data-e-type=\"column\">\n\t\t\t<div class=\"elementor-widget-wrap elementor-element-populated\">\n\t\t\t\t\t\t<div class=\"elementor-element elementor-element-4561e33 elementor-widget elementor-widget-heading\" data-id=\"4561e33\" data-element_type=\"widget\" data-e-type=\"widget\" data-widget_type=\"heading.default\">\n\t\t\t\t<div class=\"elementor-widget-container\">\n\t\t\t\t\t<h2 class=\"elementor-heading-title elementor-size-default\">JULIO<\/h2>\t\t\t\t<\/div>\n\t\t\t\t<\/div>\n\t\t\t\t\t<\/div>\n\t\t<\/div>\n\t\t\t\t\t<\/div>\n\t\t<\/section>\n\t\t\t\t\t<\/div>\n\t\t<\/div>\n\t\t\t\t\t<\/div>\n\t\t<\/section>\n\t\t\t\t<section class=\"elementor-section elementor-top-section elementor-element elementor-element-d1e35c4 elementor-section-boxed elementor-section-height-default elementor-section-height-default wpr-particle-no wpr-jarallax-no wpr-parallax-no wpr-sticky-section-no\" data-id=\"d1e35c4\" data-element_type=\"section\" data-e-type=\"section\">\n\t\t\t\t\t\t<div class=\"elementor-container elementor-column-gap-default\">\n\t\t\t\t\t<div class=\"elementor-column elementor-col-100 elementor-top-column elementor-element elementor-element-162d25a\" data-id=\"162d25a\" data-element_type=\"column\" data-e-type=\"column\">\n\t\t\t<div class=\"elementor-widget-wrap elementor-element-populated\">\n\t\t\t\t\t\t<section class=\"elementor-section elementor-inner-section elementor-element elementor-element-929696a elementor-section-boxed elementor-section-height-default elementor-section-height-default wpr-particle-no wpr-jarallax-no wpr-parallax-no wpr-sticky-section-no\" data-id=\"929696a\" data-element_type=\"section\" data-e-type=\"section\">\n\t\t\t\t\t\t<div class=\"elementor-container elementor-column-gap-default\">\n\t\t\t\t\t<div class=\"elementor-column elementor-col-100 elementor-inner-column elementor-element elementor-element-eeae4ed\" data-id=\"eeae4ed\" data-element_type=\"column\" data-e-type=\"column\">\n\t\t\t<div class=\"elementor-widget-wrap\">\n\t\t\t\t\t\t\t<\/div>\n\t\t<\/div>\n\t\t\t\t\t<\/div>\n\t\t<\/section>\n\t\t\t\t<section class=\"elementor-section elementor-inner-section elementor-element elementor-element-b6603e5 elementor-section-boxed elementor-section-height-default elementor-section-height-default wpr-particle-no wpr-jarallax-no wpr-parallax-no wpr-sticky-section-no\" data-id=\"b6603e5\" data-element_type=\"section\" data-e-type=\"section\">\n\t\t\t\t\t\t<div class=\"elementor-container elementor-column-gap-default\">\n\t\t\t\t\t<div class=\"elementor-column elementor-col-50 elementor-inner-column elementor-element elementor-element-7f19859\" data-id=\"7f19859\" data-element_type=\"column\" data-e-type=\"column\">\n\t\t\t<div class=\"elementor-widget-wrap elementor-element-populated\">\n\t\t\t\t\t\t<div class=\"elementor-element elementor-element-d17eaf7 elementor-widget__width-initial elementor-widget elementor-widget-text-editor\" data-id=\"d17eaf7\" data-element_type=\"widget\" data-e-type=\"widget\" data-widget_type=\"text-editor.default\">\n\t\t\t\t<div class=\"elementor-widget-container\">\n\t\t\t\t\t\t\t\t\t<p>MIREX-DAF-CM-2025-0070<\/p><p>ADQUISICI\u00d3N DE ART\u00cdCULOS PERSONALIZADOS PARA LA ENTREGA &#8220;PREMIO AL EMIGRANTE DOMINICANO Sr. OSCAR DE LA RENTA&#8221;<\/p>\t\t\t\t\t\t\t\t<\/div>\n\t\t\t\t<\/div>\n\t\t\t\t<div class=\"elementor-element elementor-element-4bd25d6 elementor-widget__width-initial elementor-widget elementor-widget-button\" data-id=\"4bd25d6\" data-element_type=\"widget\" data-e-type=\"widget\" data-widget_type=\"button.default\">\n\t\t\t\t<div class=\"elementor-widget-container\">\n\t\t\t\t\t\t\t\t\t<div class=\"elementor-button-wrapper\">\n\t\t\t\t\t<a class=\"elementor-button elementor-button-link elementor-size-sm\" href=\"https:\/\/comunidad.comprasdominicana.gob.do\/Public\/Tendering\/OpportunityDetail\/Index?noticeUID=DO1.NTC.1586141\" target=\"_blank\">\n\t\t\t\t\t\t<span class=\"elementor-button-content-wrapper\">\n\t\t\t\t\t\t\t\t\t<span class=\"elementor-button-text\">VER<\/span>\n\t\t\t\t\t<\/span>\n\t\t\t\t\t<\/a>\n\t\t\t\t<\/div>\n\t\t\t\t\t\t\t\t<\/div>\n\t\t\t\t<\/div>\n\t\t\t\t\t<\/div>\n\t\t<\/div>\n\t\t\t\t<div class=\"elementor-column elementor-col-50 elementor-inner-column elementor-element elementor-element-17308df\" data-id=\"17308df\" data-element_type=\"column\" data-e-type=\"column\">\n\t\t\t<div class=\"elementor-widget-wrap elementor-element-populated\">\n\t\t\t\t\t\t<div class=\"elementor-element elementor-element-2c3842d elementor-widget__width-initial elementor-widget elementor-widget-text-editor\" data-id=\"2c3842d\" data-element_type=\"widget\" data-e-type=\"widget\" data-widget_type=\"text-editor.default\">\n\t\t\t\t<div class=\"elementor-widget-container\">\n\t\t\t\t\t\t\t\t\t<p>MIREX-DAF-CM-2025-0083<\/p><p>ADQUISICI\u00d3N DE CONSUMIBLES PARA LAS IMPRESORAS HP DE ESTE MINISTERIO DE RELACIONES EXTERIORES (\u00cdTEMS DECLARADOS DESIERTO EN PROCESO MIREX-CCC-CP-2025-0003)<\/p>\t\t\t\t\t\t\t\t<\/div>\n\t\t\t\t<\/div>\n\t\t\t\t<div class=\"elementor-element elementor-element-2ab31c2 elementor-widget__width-initial elementor-widget elementor-widget-button\" data-id=\"2ab31c2\" data-element_type=\"widget\" data-e-type=\"widget\" data-widget_type=\"button.default\">\n\t\t\t\t<div class=\"elementor-widget-container\">\n\t\t\t\t\t\t\t\t\t<div class=\"elementor-button-wrapper\">\n\t\t\t\t\t<a class=\"elementor-button elementor-button-link elementor-size-sm\" href=\"https:\/\/comunidad.comprasdominicana.gob.do\/Public\/Tendering\/OpportunityDetail\/Index?noticeUID=DO1.NTC.1586131\" target=\"_blank\">\n\t\t\t\t\t\t<span class=\"elementor-button-content-wrapper\">\n\t\t\t\t\t\t\t\t\t<span class=\"elementor-button-text\">VER<\/span>\n\t\t\t\t\t<\/span>\n\t\t\t\t\t<\/a>\n\t\t\t\t<\/div>\n\t\t\t\t\t\t\t\t<\/div>\n\t\t\t\t<\/div>\n\t\t\t\t\t<\/div>\n\t\t<\/div>\n\t\t\t\t\t<\/div>\n\t\t<\/section>\n\t\t\t\t<section class=\"elementor-section elementor-inner-section elementor-element elementor-element-c4f4ae3 elementor-section-boxed elementor-section-height-default elementor-section-height-default wpr-particle-no wpr-jarallax-no wpr-parallax-no wpr-sticky-section-no\" data-id=\"c4f4ae3\" data-element_type=\"section\" data-e-type=\"section\">\n\t\t\t\t\t\t<div class=\"elementor-container elementor-column-gap-default\">\n\t\t\t\t\t<div class=\"elementor-column elementor-col-50 elementor-inner-column elementor-element elementor-element-9b62df3\" data-id=\"9b62df3\" data-element_type=\"column\" data-e-type=\"column\">\n\t\t\t<div class=\"elementor-widget-wrap elementor-element-populated\">\n\t\t\t\t\t\t<div class=\"elementor-element elementor-element-79835e4 elementor-widget__width-initial elementor-widget elementor-widget-text-editor\" data-id=\"79835e4\" data-element_type=\"widget\" data-e-type=\"widget\" data-widget_type=\"text-editor.default\">\n\t\t\t\t<div class=\"elementor-widget-container\">\n\t\t\t\t\t\t\t\t\t<p>MIREX-DAF-CM-2025-0065<\/p><p>SERVICIO DE CAPACITACI\u00d3N PARA EL PERSONAL DEL MINISTERIO DE RELACIONES EXTERIORES.(ITEM DECLARADO DESIERTO MEDIANTE PROCESO MIREX-DAF-CM-2025-0025)<\/p>\t\t\t\t\t\t\t\t<\/div>\n\t\t\t\t<\/div>\n\t\t\t\t<div class=\"elementor-element elementor-element-46b27b4 elementor-widget__width-initial elementor-widget elementor-widget-button\" data-id=\"46b27b4\" data-element_type=\"widget\" data-e-type=\"widget\" data-widget_type=\"button.default\">\n\t\t\t\t<div class=\"elementor-widget-container\">\n\t\t\t\t\t\t\t\t\t<div class=\"elementor-button-wrapper\">\n\t\t\t\t\t<a class=\"elementor-button elementor-button-link elementor-size-sm\" href=\"https:\/\/comunidad.comprasdominicana.gob.do\/Public\/Tendering\/OpportunityDetail\/Index?noticeUID=DO1.NTC.1584021\" target=\"_blank\">\n\t\t\t\t\t\t<span class=\"elementor-button-content-wrapper\">\n\t\t\t\t\t\t\t\t\t<span class=\"elementor-button-text\">VER<\/span>\n\t\t\t\t\t<\/span>\n\t\t\t\t\t<\/a>\n\t\t\t\t<\/div>\n\t\t\t\t\t\t\t\t<\/div>\n\t\t\t\t<\/div>\n\t\t\t\t\t<\/div>\n\t\t<\/div>\n\t\t\t\t<div class=\"elementor-column elementor-col-50 elementor-inner-column elementor-element elementor-element-80b4dd7\" data-id=\"80b4dd7\" data-element_type=\"column\" data-e-type=\"column\">\n\t\t\t<div class=\"elementor-widget-wrap elementor-element-populated\">\n\t\t\t\t\t\t<div class=\"elementor-element elementor-element-54e3372 elementor-widget__width-initial elementor-widget elementor-widget-text-editor\" data-id=\"54e3372\" data-element_type=\"widget\" data-e-type=\"widget\" data-widget_type=\"text-editor.default\">\n\t\t\t\t<div class=\"elementor-widget-container\">\n\t\t\t\t\t\t\t\t\t<p>MIREX-DAF-CM-2025-0078<\/p><p>&#8220;ADQUISICI\u00d3N DE INSUMOS COMESTIBLES PARA USO DEL PERSONAL DEL MIREX&#8221;.<\/p>\t\t\t\t\t\t\t\t<\/div>\n\t\t\t\t<\/div>\n\t\t\t\t<div class=\"elementor-element elementor-element-f2c22a4 elementor-widget__width-initial elementor-widget elementor-widget-button\" data-id=\"f2c22a4\" data-element_type=\"widget\" data-e-type=\"widget\" data-widget_type=\"button.default\">\n\t\t\t\t<div class=\"elementor-widget-container\">\n\t\t\t\t\t\t\t\t\t<div class=\"elementor-button-wrapper\">\n\t\t\t\t\t<a class=\"elementor-button elementor-button-link elementor-size-sm\" href=\"https:\/\/comunidad.comprasdominicana.gob.do\/Public\/Tendering\/OpportunityDetail\/Index?noticeUID=DO1.NTC.1584634\" target=\"_blank\">\n\t\t\t\t\t\t<span class=\"elementor-button-content-wrapper\">\n\t\t\t\t\t\t\t\t\t<span class=\"elementor-button-text\">VER<\/span>\n\t\t\t\t\t<\/span>\n\t\t\t\t\t<\/a>\n\t\t\t\t<\/div>\n\t\t\t\t\t\t\t\t<\/div>\n\t\t\t\t<\/div>\n\t\t\t\t\t<\/div>\n\t\t<\/div>\n\t\t\t\t\t<\/div>\n\t\t<\/section>\n\t\t\t\t\t<\/div>\n\t\t<\/div>\n\t\t\t\t\t<\/div>\n\t\t<\/section>\n\t\t\t\t<\/div>\n\t\t","protected":false},"excerpt":{"rendered":"<p>Compras y Contrataciones \/ 2025 &lt; Back JULIO MIREX-DAF-CM-2025-0070 ADQUISICI\u00d3N DE ART\u00cdCULOS PERSONALIZADOS PARA LA ENTREGA &#8220;PREMIO AL EMIGRANTE DOMINICANO Sr. OSCAR DE LA RENTA&#8221; VER MIREX-DAF-CM-2025-0083 ADQUISICI\u00d3N DE CONSUMIBLES PARA LAS IMPRESORAS HP DE ESTE MINISTERIO DE RELACIONES EXTERIORES (\u00cdTEMS DECLARADOS DESIERTO EN PROCESO MIREX-CCC-CP-2025-0003) VER MIREX-DAF-CM-2025-0065 SERVICIO DE CAPACITACI\u00d3N PARA EL PERSONAL DEL MINISTERIO DE RELACIONES EXTERIORES.(ITEM DECLARADO DESIERTO MEDIANTE PROCESO MIREX-DAF-CM-2025-0025) VER MIREX-DAF-CM-2025-0078 &#8220;ADQUISICI\u00d3N DE INSUMOS COMESTIBLES PARA USO DEL PERSONAL DEL MIREX&#8221;. VER<\/p>\n","protected":false},"author":6,"featured_media":0,"parent":0,"menu_order":0,"comment_status":"closed","ping_status":"closed","template":"","meta":{"site-sidebar-layout":"left-sidebar","site-content-layout":"plain-container","ast-site-content-layout":"normal-width-container","site-content-style":"unboxed","site-sidebar-style":"unboxed","ast-global-header-display":"","ast-banner-title-visibility":"","ast-main-header-display":"","ast-hfb-above-header-display":"","ast-hfb-below-header-display":"","ast-hfb-mobile-header-display":"","site-post-title":"disabled","ast-breadcrumbs-content":"","ast-featured-img":"disabled","footer-sml-layout":"","ast-disable-related-posts":"","theme-transparent-header-meta":"default","adv-header-id-meta":"","stick-header-meta":"","header-above-stick-meta":"","header-main-stick-meta":"","header-below-stick-meta":"","astra-migrate-meta-layouts":"set","ast-page-background-enabled":"default","ast-page-background-meta":{"desktop":{"background-color":"","background-image":"","background-repeat":"repeat","background-position":"center center","background-size":"auto","background-attachment":"scroll","background-type":"","background-media":"","overlay-type":"","overlay-color":"","overlay-opacity":"","overlay-gradient":""},"tablet":{"background-color":"","background-image":"","background-repeat":"repeat","background-position":"center center","background-size":"auto","background-attachment":"scroll","background-type":"","background-media":"","overlay-type":"","overlay-color":"","overlay-opacity":"","overlay-gradient":""},"mobile":{"background-color":"","background-image":"","background-repeat":"repeat","background-position":"center center","background-size":"auto","background-attachment":"scroll","background-type":"","background-media":"","overlay-type":"","overlay-color":"","overlay-opacity":"","overlay-gradient":""}},"ast-content-background-meta":{"desktop":{"background-color":"var(--ast-global-color-5)","background-image":"","background-repeat":"repeat","background-position":"center center","background-size":"auto","background-attachment":"scroll","background-type":"","background-media":"","overlay-type":"","overlay-color":"","overlay-opacity":"","overlay-gradient":""},"tablet":{"background-color":"var(--ast-global-color-5)","background-image":"","background-repeat":"repeat","background-position":"center center","background-size":"auto","background-attachment":"scroll","background-type":"","background-media":"","overlay-type":"","overlay-color":"","overlay-opacity":"","overlay-gradient":""},"mobile":{"background-color":"var(--ast-global-color-5)","background-image":"","background-repeat":"repeat","background-position":"center center","background-size":"auto","background-attachment":"scroll","background-type":"","background-media":"","overlay-type":"","overlay-color":"","overlay-opacity":"","overlay-gradient":""}},"footnotes":""},"categories":[502],"tags":[],"class_list":["post-19272","page","type-page","status-publish","hentry","category-compras_y_contrataciones_m"],"yoast_head":"<!-- This site is optimized with the Yoast SEO plugin v27.3 - https:\/\/yoast.com\/product\/yoast-seo-wordpress\/ -->\n<title>Compras menores | Julio 2025 - MIREX | Ministerio de Relaciones Exteriores<\/title>\n<meta name=\"robots\" content=\"index, follow, max-snippet:-1, max-image-preview:large, max-video-preview:-1\" \/>\n<link rel=\"canonical\" href=\"https:\/\/mirex.gob.do\/transparencia\/compras-menores-julio-2025\/\" \/>\n<meta property=\"og:locale\" content=\"es_ES\" \/>\n<meta property=\"og:type\" content=\"article\" \/>\n<meta property=\"og:title\" content=\"Compras menores | Julio 2025 - MIREX | Ministerio de Relaciones Exteriores\" \/>\n<meta property=\"og:description\" content=\"Compras y Contrataciones \/ 2025 &lt; Back JULIO MIREX-DAF-CM-2025-0070 ADQUISICI\u00d3N DE ART\u00cdCULOS PERSONALIZADOS PARA LA ENTREGA &#8220;PREMIO AL EMIGRANTE DOMINICANO Sr. OSCAR DE LA RENTA&#8221; VER MIREX-DAF-CM-2025-0083 ADQUISICI\u00d3N DE CONSUMIBLES PARA LAS IMPRESORAS HP DE ESTE MINISTERIO DE RELACIONES EXTERIORES (\u00cdTEMS DECLARADOS DESIERTO EN PROCESO MIREX-CCC-CP-2025-0003) VER MIREX-DAF-CM-2025-0065 SERVICIO DE CAPACITACI\u00d3N PARA EL PERSONAL DEL MINISTERIO DE RELACIONES EXTERIORES.(ITEM DECLARADO DESIERTO MEDIANTE PROCESO MIREX-DAF-CM-2025-0025) VER MIREX-DAF-CM-2025-0078 &#8220;ADQUISICI\u00d3N DE INSUMOS COMESTIBLES PARA USO DEL PERSONAL DEL MIREX&#8221;. VER\" \/>\n<meta property=\"og:url\" content=\"https:\/\/mirex.gob.do\/transparencia\/compras-menores-julio-2025\/\" \/>\n<meta property=\"og:site_name\" content=\"MIREX | Ministerio de Relaciones Exteriores\" \/>\n<meta property=\"article:modified_time\" content=\"2025-07-31T11:55:38+00:00\" \/>\n<meta name=\"twitter:card\" content=\"summary_large_image\" \/>\n<meta name=\"twitter:label1\" content=\"Tiempo de lectura\" \/>\n\t<meta name=\"twitter:data1\" content=\"1 minuto\" \/>\n<script type=\"application\/ld+json\" class=\"yoast-schema-graph\">{\"@context\":\"https:\\\/\\\/schema.org\",\"@graph\":[{\"@type\":\"WebPage\",\"@id\":\"https:\\\/\\\/mirex.gob.do\\\/transparencia\\\/compras-menores-julio-2025\\\/\",\"url\":\"https:\\\/\\\/mirex.gob.do\\\/transparencia\\\/compras-menores-julio-2025\\\/\",\"name\":\"Compras menores | Julio 2025 - MIREX | Ministerio de Relaciones Exteriores\",\"isPartOf\":{\"@id\":\"https:\\\/\\\/mirex.gob.do\\\/transparencia\\\/#website\"},\"datePublished\":\"2025-07-03T14:22:40+00:00\",\"dateModified\":\"2025-07-31T11:55:38+00:00\",\"breadcrumb\":{\"@id\":\"https:\\\/\\\/mirex.gob.do\\\/transparencia\\\/compras-menores-julio-2025\\\/#breadcrumb\"},\"inLanguage\":\"es\",\"potentialAction\":[{\"@type\":\"ReadAction\",\"target\":[\"https:\\\/\\\/mirex.gob.do\\\/transparencia\\\/compras-menores-julio-2025\\\/\"]}]},{\"@type\":\"BreadcrumbList\",\"@id\":\"https:\\\/\\\/mirex.gob.do\\\/transparencia\\\/compras-menores-julio-2025\\\/#breadcrumb\",\"itemListElement\":[{\"@type\":\"ListItem\",\"position\":1,\"name\":\"Inicio\",\"item\":\"https:\\\/\\\/mirex.gob.do\\\/transparencia\\\/\"},{\"@type\":\"ListItem\",\"position\":2,\"name\":\"Compras menores | Julio 2025\"}]},{\"@type\":\"WebSite\",\"@id\":\"https:\\\/\\\/mirex.gob.do\\\/transparencia\\\/#website\",\"url\":\"https:\\\/\\\/mirex.gob.do\\\/transparencia\\\/\",\"name\":\"MIREX | Ministerio de Relaciones Exteriores\",\"description\":\"Ministerio de Relaciones Exteriores (MIREX) es una instituci\u00f3n centralizada del Estado Dominicano, creada mediante ley, en los albores del surgimiento de la naci\u00f3n misma. Amparada en la Ley No. 314 del 6 de julio de 1964 y su Reglamento de aplicaci\u00f3n, este organismo es el responsable de implementar la Pol\u00edtica Exterior del pa\u00eds, la cual seg\u00fan se explica a continuaci\u00f3n, es trazada por el Presidente de la Rep\u00fablica.\",\"publisher\":{\"@id\":\"https:\\\/\\\/mirex.gob.do\\\/transparencia\\\/#organization\"},\"potentialAction\":[{\"@type\":\"SearchAction\",\"target\":{\"@type\":\"EntryPoint\",\"urlTemplate\":\"https:\\\/\\\/mirex.gob.do\\\/transparencia\\\/?s={search_term_string}\"},\"query-input\":{\"@type\":\"PropertyValueSpecification\",\"valueRequired\":true,\"valueName\":\"search_term_string\"}}],\"inLanguage\":\"es\"},{\"@type\":\"Organization\",\"@id\":\"https:\\\/\\\/mirex.gob.do\\\/transparencia\\\/#organization\",\"name\":\"MIREX | Ministerio de Relaciones Exteriores\",\"url\":\"https:\\\/\\\/mirex.gob.do\\\/transparencia\\\/\",\"logo\":{\"@type\":\"ImageObject\",\"inLanguage\":\"es\",\"@id\":\"https:\\\/\\\/mirex.gob.do\\\/transparencia\\\/#\\\/schema\\\/logo\\\/image\\\/\",\"url\":\"https:\\\/\\\/mirex.gob.do\\\/transparencia\\\/wp-content\\\/uploads\\\/2021\\\/09\\\/Iconos-para-web-MIREX-28.png\",\"contentUrl\":\"https:\\\/\\\/mirex.gob.do\\\/transparencia\\\/wp-content\\\/uploads\\\/2021\\\/09\\\/Iconos-para-web-MIREX-28.png\",\"width\":2980,\"height\":2505,\"caption\":\"MIREX | Ministerio de Relaciones Exteriores\"},\"image\":{\"@id\":\"https:\\\/\\\/mirex.gob.do\\\/transparencia\\\/#\\\/schema\\\/logo\\\/image\\\/\"}}]}<\/script>\n<!-- \/ Yoast SEO plugin. -->","yoast_head_json":{"title":"Compras menores | Julio 2025 - MIREX | Ministerio de Relaciones Exteriores","robots":{"index":"index","follow":"follow","max-snippet":"max-snippet:-1","max-image-preview":"max-image-preview:large","max-video-preview":"max-video-preview:-1"},"canonical":"https:\/\/mirex.gob.do\/transparencia\/compras-menores-julio-2025\/","og_locale":"es_ES","og_type":"article","og_title":"Compras menores | Julio 2025 - MIREX | Ministerio de Relaciones Exteriores","og_description":"Compras y Contrataciones \/ 2025 &lt; Back JULIO MIREX-DAF-CM-2025-0070 ADQUISICI\u00d3N DE ART\u00cdCULOS PERSONALIZADOS PARA LA ENTREGA &#8220;PREMIO AL EMIGRANTE DOMINICANO Sr. OSCAR DE LA RENTA&#8221; VER MIREX-DAF-CM-2025-0083 ADQUISICI\u00d3N DE CONSUMIBLES PARA LAS IMPRESORAS HP DE ESTE MINISTERIO DE RELACIONES EXTERIORES (\u00cdTEMS DECLARADOS DESIERTO EN PROCESO MIREX-CCC-CP-2025-0003) VER MIREX-DAF-CM-2025-0065 SERVICIO DE CAPACITACI\u00d3N PARA EL PERSONAL DEL MINISTERIO DE RELACIONES EXTERIORES.(ITEM DECLARADO DESIERTO MEDIANTE PROCESO MIREX-DAF-CM-2025-0025) VER MIREX-DAF-CM-2025-0078 &#8220;ADQUISICI\u00d3N DE INSUMOS COMESTIBLES PARA USO DEL PERSONAL DEL MIREX&#8221;. VER","og_url":"https:\/\/mirex.gob.do\/transparencia\/compras-menores-julio-2025\/","og_site_name":"MIREX | Ministerio de Relaciones Exteriores","article_modified_time":"2025-07-31T11:55:38+00:00","twitter_card":"summary_large_image","twitter_misc":{"Tiempo de lectura":"1 minuto"},"schema":{"@context":"https:\/\/schema.org","@graph":[{"@type":"WebPage","@id":"https:\/\/mirex.gob.do\/transparencia\/compras-menores-julio-2025\/","url":"https:\/\/mirex.gob.do\/transparencia\/compras-menores-julio-2025\/","name":"Compras menores | Julio 2025 - MIREX | Ministerio de Relaciones Exteriores","isPartOf":{"@id":"https:\/\/mirex.gob.do\/transparencia\/#website"},"datePublished":"2025-07-03T14:22:40+00:00","dateModified":"2025-07-31T11:55:38+00:00","breadcrumb":{"@id":"https:\/\/mirex.gob.do\/transparencia\/compras-menores-julio-2025\/#breadcrumb"},"inLanguage":"es","potentialAction":[{"@type":"ReadAction","target":["https:\/\/mirex.gob.do\/transparencia\/compras-menores-julio-2025\/"]}]},{"@type":"BreadcrumbList","@id":"https:\/\/mirex.gob.do\/transparencia\/compras-menores-julio-2025\/#breadcrumb","itemListElement":[{"@type":"ListItem","position":1,"name":"Inicio","item":"https:\/\/mirex.gob.do\/transparencia\/"},{"@type":"ListItem","position":2,"name":"Compras menores | Julio 2025"}]},{"@type":"WebSite","@id":"https:\/\/mirex.gob.do\/transparencia\/#website","url":"https:\/\/mirex.gob.do\/transparencia\/","name":"MIREX | Ministerio de Relaciones Exteriores","description":"Ministerio de Relaciones Exteriores (MIREX) es una instituci\u00f3n centralizada del Estado Dominicano, creada mediante ley, en los albores del surgimiento de la naci\u00f3n misma. Amparada en la Ley No. 314 del 6 de julio de 1964 y su Reglamento de aplicaci\u00f3n, este organismo es el responsable de implementar la Pol\u00edtica Exterior del pa\u00eds, la cual seg\u00fan se explica a continuaci\u00f3n, es trazada por el Presidente de la Rep\u00fablica.","publisher":{"@id":"https:\/\/mirex.gob.do\/transparencia\/#organization"},"potentialAction":[{"@type":"SearchAction","target":{"@type":"EntryPoint","urlTemplate":"https:\/\/mirex.gob.do\/transparencia\/?s={search_term_string}"},"query-input":{"@type":"PropertyValueSpecification","valueRequired":true,"valueName":"search_term_string"}}],"inLanguage":"es"},{"@type":"Organization","@id":"https:\/\/mirex.gob.do\/transparencia\/#organization","name":"MIREX | Ministerio de Relaciones Exteriores","url":"https:\/\/mirex.gob.do\/transparencia\/","logo":{"@type":"ImageObject","inLanguage":"es","@id":"https:\/\/mirex.gob.do\/transparencia\/#\/schema\/logo\/image\/","url":"https:\/\/mirex.gob.do\/transparencia\/wp-content\/uploads\/2021\/09\/Iconos-para-web-MIREX-28.png","contentUrl":"https:\/\/mirex.gob.do\/transparencia\/wp-content\/uploads\/2021\/09\/Iconos-para-web-MIREX-28.png","width":2980,"height":2505,"caption":"MIREX | Ministerio de Relaciones Exteriores"},"image":{"@id":"https:\/\/mirex.gob.do\/transparencia\/#\/schema\/logo\/image\/"}}]}},"_links":{"self":[{"href":"https:\/\/mirex.gob.do\/transparencia\/wp-json\/wp\/v2\/pages\/19272","targetHints":{"allow":["GET"]}}],"collection":[{"href":"https:\/\/mirex.gob.do\/transparencia\/wp-json\/wp\/v2\/pages"}],"about":[{"href":"https:\/\/mirex.gob.do\/transparencia\/wp-json\/wp\/v2\/types\/page"}],"author":[{"embeddable":true,"href":"https:\/\/mirex.gob.do\/transparencia\/wp-json\/wp\/v2\/users\/6"}],"replies":[{"embeddable":true,"href":"https:\/\/mirex.gob.do\/transparencia\/wp-json\/wp\/v2\/comments?post=19272"}],"version-history":[{"count":16,"href":"https:\/\/mirex.gob.do\/transparencia\/wp-json\/wp\/v2\/pages\/19272\/revisions"}],"predecessor-version":[{"id":19355,"href":"https:\/\/mirex.gob.do\/transparencia\/wp-json\/wp\/v2\/pages\/19272\/revisions\/19355"}],"wp:attachment":[{"href":"https:\/\/mirex.gob.do\/transparencia\/wp-json\/wp\/v2\/media?parent=19272"}],"wp:term":[{"taxonomy":"category","embeddable":true,"href":"https:\/\/mirex.gob.do\/transparencia\/wp-json\/wp\/v2\/categories?post=19272"},{"taxonomy":"post_tag","embeddable":true,"href":"https:\/\/mirex.gob.do\/transparencia\/wp-json\/wp\/v2\/tags?post=19272"}],"curies":[{"name":"wp","href":"https:\/\/api.w.org\/{rel}","templated":true}]}}