{"id":18550,"date":"2025-01-02T14:45:02","date_gmt":"2025-01-02T14:45:02","guid":{"rendered":"https:\/\/mirex.gob.do\/transparencia\/?page_id=18550"},"modified":"2025-02-03T19:26:09","modified_gmt":"2025-02-03T19:26:09","slug":"compras-menores-enero-2025","status":"publish","type":"page","link":"https:\/\/mirex.gob.do\/transparencia\/compras-menores-enero-2025\/","title":{"rendered":"Compras menores | Enero 2025"},"content":{"rendered":"\t\t<div data-elementor-type=\"wp-page\" data-elementor-id=\"18550\" class=\"elementor elementor-18550\" data-elementor-post-type=\"page\">\n\t\t\t\t\t\t<section class=\"elementor-section elementor-top-section elementor-element elementor-element-b01e02b elementor-section-boxed elementor-section-height-default elementor-section-height-default wpr-particle-no wpr-jarallax-no wpr-parallax-no wpr-sticky-section-no\" data-id=\"b01e02b\" data-element_type=\"section\" data-e-type=\"section\">\n\t\t\t\t\t\t<div class=\"elementor-container elementor-column-gap-default\">\n\t\t\t\t\t<div class=\"elementor-column elementor-col-100 elementor-top-column elementor-element elementor-element-0571c79\" data-id=\"0571c79\" data-element_type=\"column\" data-e-type=\"column\">\n\t\t\t<div class=\"elementor-widget-wrap elementor-element-populated\">\n\t\t\t\t\t\t<section class=\"elementor-section elementor-inner-section elementor-element elementor-element-dc9e8be elementor-section-boxed elementor-section-height-default elementor-section-height-default wpr-particle-no wpr-jarallax-no wpr-parallax-no wpr-sticky-section-no\" data-id=\"dc9e8be\" data-element_type=\"section\" data-e-type=\"section\">\n\t\t\t\t\t\t<div class=\"elementor-container elementor-column-gap-default\">\n\t\t\t\t\t<div class=\"elementor-column elementor-col-50 elementor-inner-column elementor-element elementor-element-2918a94\" data-id=\"2918a94\" data-element_type=\"column\" data-e-type=\"column\">\n\t\t\t<div class=\"elementor-widget-wrap elementor-element-populated\">\n\t\t\t\t\t\t<div class=\"elementor-element elementor-element-6bc1bf8 elementor-widget elementor-widget-heading\" data-id=\"6bc1bf8\" data-element_type=\"widget\" data-e-type=\"widget\" data-widget_type=\"heading.default\">\n\t\t\t\t<div class=\"elementor-widget-container\">\n\t\t\t\t\t<h2 class=\"elementor-heading-title elementor-size-default\">Compras y Contrataciones \/ 2025<\/h2>\t\t\t\t<\/div>\n\t\t\t\t<\/div>\n\t\t\t\t\t<\/div>\n\t\t<\/div>\n\t\t\t\t<div class=\"elementor-column elementor-col-50 elementor-inner-column elementor-element elementor-element-1de5a5e\" data-id=\"1de5a5e\" data-element_type=\"column\" data-e-type=\"column\">\n\t\t\t<div class=\"elementor-widget-wrap elementor-element-populated\">\n\t\t\t\t\t\t<div class=\"elementor-element elementor-element-3021c61 elementor-widget elementor-widget-heading\" data-id=\"3021c61\" data-element_type=\"widget\" data-e-type=\"widget\" data-widget_type=\"heading.default\">\n\t\t\t\t<div class=\"elementor-widget-container\">\n\t\t\t\t\t<h2 class=\"elementor-heading-title elementor-size-small\"><a href=\"https:\/\/mirex.gob.do\/transparencia\/compras-menores-2025\/\">&lt; Back<\/a><\/h2>\t\t\t\t<\/div>\n\t\t\t\t<\/div>\n\t\t\t\t\t<\/div>\n\t\t<\/div>\n\t\t\t\t\t<\/div>\n\t\t<\/section>\n\t\t\t\t<section class=\"elementor-section elementor-inner-section elementor-element elementor-element-4e03b70 elementor-section-boxed elementor-section-height-default elementor-section-height-default wpr-particle-no wpr-jarallax-no wpr-parallax-no wpr-sticky-section-no\" data-id=\"4e03b70\" data-element_type=\"section\" data-e-type=\"section\">\n\t\t\t\t\t\t<div class=\"elementor-container elementor-column-gap-default\">\n\t\t\t\t\t<div class=\"elementor-column elementor-col-100 elementor-inner-column elementor-element elementor-element-945dacd\" data-id=\"945dacd\" data-element_type=\"column\" data-e-type=\"column\">\n\t\t\t<div class=\"elementor-widget-wrap elementor-element-populated\">\n\t\t\t\t\t\t<div class=\"elementor-element elementor-element-4561e33 elementor-widget elementor-widget-heading\" data-id=\"4561e33\" data-element_type=\"widget\" data-e-type=\"widget\" data-widget_type=\"heading.default\">\n\t\t\t\t<div class=\"elementor-widget-container\">\n\t\t\t\t\t<h2 class=\"elementor-heading-title elementor-size-default\">ENERO<\/h2>\t\t\t\t<\/div>\n\t\t\t\t<\/div>\n\t\t\t\t\t<\/div>\n\t\t<\/div>\n\t\t\t\t\t<\/div>\n\t\t<\/section>\n\t\t\t\t\t<\/div>\n\t\t<\/div>\n\t\t\t\t\t<\/div>\n\t\t<\/section>\n\t\t\t\t<section class=\"elementor-section elementor-top-section elementor-element elementor-element-c87b475 elementor-section-boxed elementor-section-height-default elementor-section-height-default wpr-particle-no wpr-jarallax-no wpr-parallax-no wpr-sticky-section-no\" data-id=\"c87b475\" data-element_type=\"section\" data-e-type=\"section\">\n\t\t\t\t\t\t<div class=\"elementor-container elementor-column-gap-default\">\n\t\t\t\t\t<div class=\"elementor-column elementor-col-100 elementor-top-column elementor-element elementor-element-baf8df7\" data-id=\"baf8df7\" data-element_type=\"column\" data-e-type=\"column\">\n\t\t\t<div class=\"elementor-widget-wrap\">\n\t\t\t\t\t\t\t<\/div>\n\t\t<\/div>\n\t\t\t\t\t<\/div>\n\t\t<\/section>\n\t\t\t\t<section class=\"elementor-section elementor-top-section elementor-element elementor-element-b8088b9 elementor-section-boxed elementor-section-height-default elementor-section-height-default wpr-particle-no wpr-jarallax-no wpr-parallax-no wpr-sticky-section-no\" data-id=\"b8088b9\" data-element_type=\"section\" data-e-type=\"section\">\n\t\t\t\t\t\t<div class=\"elementor-container elementor-column-gap-default\">\n\t\t\t\t\t<div class=\"elementor-column elementor-col-100 elementor-top-column elementor-element elementor-element-4dfefcd\" data-id=\"4dfefcd\" data-element_type=\"column\" data-e-type=\"column\">\n\t\t\t<div class=\"elementor-widget-wrap elementor-element-populated\">\n\t\t\t\t\t\t<section class=\"elementor-section elementor-inner-section elementor-element elementor-element-9da804d elementor-section-boxed elementor-section-height-default elementor-section-height-default wpr-particle-no wpr-jarallax-no wpr-parallax-no wpr-sticky-section-no\" data-id=\"9da804d\" data-element_type=\"section\" data-e-type=\"section\">\n\t\t\t\t\t\t<div class=\"elementor-container elementor-column-gap-default\">\n\t\t\t\t\t<div class=\"elementor-column elementor-col-100 elementor-inner-column elementor-element elementor-element-6a322f7\" data-id=\"6a322f7\" data-element_type=\"column\" data-e-type=\"column\">\n\t\t\t<div class=\"elementor-widget-wrap elementor-element-populated\">\n\t\t\t\t\t\t<div class=\"elementor-element elementor-element-4611ff6 elementor-widget elementor-widget-text-editor\" data-id=\"4611ff6\" data-element_type=\"widget\" data-e-type=\"widget\" data-widget_type=\"text-editor.default\">\n\t\t\t\t<div class=\"elementor-widget-container\">\n\t\t\t\t\t\t\t\t\t<p><em>\u201c<strong>DURANTE EL MES DE ENERO 2025 <\/strong><\/em><\/p><p><strong><em>NO SE REALIZ\u00d3 NING\u00daN PROCESO DE COMPRAS BAJO ESTA MODALIDAD<\/em><\/strong><em>\u201d<\/em><\/p>\t\t\t\t\t\t\t\t<\/div>\n\t\t\t\t<\/div>\n\t\t\t\t<div class=\"elementor-element elementor-element-15f12c7 elementor-widget elementor-widget-button\" data-id=\"15f12c7\" data-element_type=\"widget\" data-e-type=\"widget\" data-widget_type=\"button.default\">\n\t\t\t\t<div class=\"elementor-widget-container\">\n\t\t\t\t\t\t\t\t\t<div class=\"elementor-button-wrapper\">\n\t\t\t\t\t<a class=\"elementor-button elementor-button-link elementor-size-sm\" href=\"https:\/\/comunidad.comprasdominicana.gob.do\/Public\/Tendering\/ContractNoticeManagement\/Index?currentLanguage\" target=\"_blank\">\n\t\t\t\t\t\t<span class=\"elementor-button-content-wrapper\">\n\t\t\t\t\t\t\t\t\t<span class=\"elementor-button-text\">VER<\/span>\n\t\t\t\t\t<\/span>\n\t\t\t\t\t<\/a>\n\t\t\t\t<\/div>\n\t\t\t\t\t\t\t\t<\/div>\n\t\t\t\t<\/div>\n\t\t\t\t\t<\/div>\n\t\t<\/div>\n\t\t\t\t\t<\/div>\n\t\t<\/section>\n\t\t\t\t\t<\/div>\n\t\t<\/div>\n\t\t\t\t\t<\/div>\n\t\t<\/section>\n\t\t\t\t<section class=\"elementor-section elementor-top-section elementor-element elementor-element-06c2559 elementor-section-boxed elementor-section-height-default elementor-section-height-default wpr-particle-no wpr-jarallax-no wpr-parallax-no wpr-sticky-section-no\" data-id=\"06c2559\" data-element_type=\"section\" data-e-type=\"section\">\n\t\t\t\t\t\t<div class=\"elementor-container elementor-column-gap-default\">\n\t\t\t\t\t<div class=\"elementor-column elementor-col-100 elementor-top-column elementor-element elementor-element-78a2483\" data-id=\"78a2483\" data-element_type=\"column\" data-e-type=\"column\">\n\t\t\t<div class=\"elementor-widget-wrap\">\n\t\t\t\t\t\t\t<\/div>\n\t\t<\/div>\n\t\t\t\t\t<\/div>\n\t\t<\/section>\n\t\t\t\t<\/div>\n\t\t","protected":false},"excerpt":{"rendered":"<p>Compras y Contrataciones \/ 2025 &lt; Back ENERO \u201cDURANTE EL MES DE ENERO 2025 NO SE REALIZ\u00d3 NING\u00daN PROCESO DE COMPRAS BAJO ESTA MODALIDAD\u201d VER<\/p>\n","protected":false},"author":6,"featured_media":0,"parent":0,"menu_order":0,"comment_status":"closed","ping_status":"closed","template":"","meta":{"site-sidebar-layout":"left-sidebar","site-content-layout":"plain-container","ast-site-content-layout":"normal-width-container","site-content-style":"unboxed","site-sidebar-style":"unboxed","ast-global-header-display":"","ast-banner-title-visibility":"","ast-main-header-display":"","ast-hfb-above-header-display":"","ast-hfb-below-header-display":"","ast-hfb-mobile-header-display":"","site-post-title":"disabled","ast-breadcrumbs-content":"","ast-featured-img":"disabled","footer-sml-layout":"","ast-disable-related-posts":"","theme-transparent-header-meta":"default","adv-header-id-meta":"","stick-header-meta":"","header-above-stick-meta":"","header-main-stick-meta":"","header-below-stick-meta":"","astra-migrate-meta-layouts":"set","ast-page-background-enabled":"default","ast-page-background-meta":{"desktop":{"background-color":"","background-image":"","background-repeat":"repeat","background-position":"center center","background-size":"auto","background-attachment":"scroll","background-type":"","background-media":"","overlay-type":"","overlay-color":"","overlay-opacity":"","overlay-gradient":""},"tablet":{"background-color":"","background-image":"","background-repeat":"repeat","background-position":"center center","background-size":"auto","background-attachment":"scroll","background-type":"","background-media":"","overlay-type":"","overlay-color":"","overlay-opacity":"","overlay-gradient":""},"mobile":{"background-color":"","background-image":"","background-repeat":"repeat","background-position":"center center","background-size":"auto","background-attachment":"scroll","background-type":"","background-media":"","overlay-type":"","overlay-color":"","overlay-opacity":"","overlay-gradient":""}},"ast-content-background-meta":{"desktop":{"background-color":"var(--ast-global-color-5)","background-image":"","background-repeat":"repeat","background-position":"center center","background-size":"auto","background-attachment":"scroll","background-type":"","background-media":"","overlay-type":"","overlay-color":"","overlay-opacity":"","overlay-gradient":""},"tablet":{"background-color":"var(--ast-global-color-5)","background-image":"","background-repeat":"repeat","background-position":"center center","background-size":"auto","background-attachment":"scroll","background-type":"","background-media":"","overlay-type":"","overlay-color":"","overlay-opacity":"","overlay-gradient":""},"mobile":{"background-color":"var(--ast-global-color-5)","background-image":"","background-repeat":"repeat","background-position":"center center","background-size":"auto","background-attachment":"scroll","background-type":"","background-media":"","overlay-type":"","overlay-color":"","overlay-opacity":"","overlay-gradient":""}},"footnotes":""},"categories":[502],"tags":[],"class_list":["post-18550","page","type-page","status-publish","hentry","category-compras_y_contrataciones_m"],"yoast_head":"<!-- This site is optimized with the Yoast SEO plugin v27.3 - https:\/\/yoast.com\/product\/yoast-seo-wordpress\/ -->\n<title>Compras menores | Enero 2025 - MIREX | Ministerio de Relaciones Exteriores<\/title>\n<meta name=\"robots\" content=\"index, follow, max-snippet:-1, max-image-preview:large, max-video-preview:-1\" \/>\n<link rel=\"canonical\" href=\"https:\/\/mirex.gob.do\/transparencia\/compras-menores-enero-2025\/\" \/>\n<meta property=\"og:locale\" content=\"es_ES\" \/>\n<meta property=\"og:type\" content=\"article\" \/>\n<meta property=\"og:title\" content=\"Compras menores | Enero 2025 - MIREX | Ministerio de Relaciones Exteriores\" \/>\n<meta property=\"og:description\" content=\"Compras y Contrataciones \/ 2025 &lt; Back ENERO \u201cDURANTE EL MES DE ENERO 2025 NO SE REALIZ\u00d3 NING\u00daN PROCESO DE COMPRAS BAJO ESTA MODALIDAD\u201d VER\" \/>\n<meta property=\"og:url\" content=\"https:\/\/mirex.gob.do\/transparencia\/compras-menores-enero-2025\/\" \/>\n<meta property=\"og:site_name\" content=\"MIREX | Ministerio de Relaciones Exteriores\" \/>\n<meta property=\"article:modified_time\" content=\"2025-02-03T19:26:09+00:00\" \/>\n<meta name=\"twitter:card\" content=\"summary_large_image\" \/>\n<meta name=\"twitter:label1\" content=\"Tiempo de lectura\" \/>\n\t<meta name=\"twitter:data1\" content=\"1 minuto\" \/>\n<script type=\"application\/ld+json\" class=\"yoast-schema-graph\">{\"@context\":\"https:\\\/\\\/schema.org\",\"@graph\":[{\"@type\":\"WebPage\",\"@id\":\"https:\\\/\\\/mirex.gob.do\\\/transparencia\\\/compras-menores-enero-2025\\\/\",\"url\":\"https:\\\/\\\/mirex.gob.do\\\/transparencia\\\/compras-menores-enero-2025\\\/\",\"name\":\"Compras menores | Enero 2025 - MIREX | Ministerio de Relaciones Exteriores\",\"isPartOf\":{\"@id\":\"https:\\\/\\\/mirex.gob.do\\\/transparencia\\\/#website\"},\"datePublished\":\"2025-01-02T14:45:02+00:00\",\"dateModified\":\"2025-02-03T19:26:09+00:00\",\"breadcrumb\":{\"@id\":\"https:\\\/\\\/mirex.gob.do\\\/transparencia\\\/compras-menores-enero-2025\\\/#breadcrumb\"},\"inLanguage\":\"es\",\"potentialAction\":[{\"@type\":\"ReadAction\",\"target\":[\"https:\\\/\\\/mirex.gob.do\\\/transparencia\\\/compras-menores-enero-2025\\\/\"]}]},{\"@type\":\"BreadcrumbList\",\"@id\":\"https:\\\/\\\/mirex.gob.do\\\/transparencia\\\/compras-menores-enero-2025\\\/#breadcrumb\",\"itemListElement\":[{\"@type\":\"ListItem\",\"position\":1,\"name\":\"Inicio\",\"item\":\"https:\\\/\\\/mirex.gob.do\\\/transparencia\\\/\"},{\"@type\":\"ListItem\",\"position\":2,\"name\":\"Compras menores | Enero 2025\"}]},{\"@type\":\"WebSite\",\"@id\":\"https:\\\/\\\/mirex.gob.do\\\/transparencia\\\/#website\",\"url\":\"https:\\\/\\\/mirex.gob.do\\\/transparencia\\\/\",\"name\":\"MIREX | Ministerio de Relaciones Exteriores\",\"description\":\"Ministerio de Relaciones Exteriores (MIREX) es una instituci\u00f3n centralizada del Estado Dominicano, creada mediante ley, en los albores del surgimiento de la naci\u00f3n misma. Amparada en la Ley No. 314 del 6 de julio de 1964 y su Reglamento de aplicaci\u00f3n, este organismo es el responsable de implementar la Pol\u00edtica Exterior del pa\u00eds, la cual seg\u00fan se explica a continuaci\u00f3n, es trazada por el Presidente de la Rep\u00fablica.\",\"publisher\":{\"@id\":\"https:\\\/\\\/mirex.gob.do\\\/transparencia\\\/#organization\"},\"potentialAction\":[{\"@type\":\"SearchAction\",\"target\":{\"@type\":\"EntryPoint\",\"urlTemplate\":\"https:\\\/\\\/mirex.gob.do\\\/transparencia\\\/?s={search_term_string}\"},\"query-input\":{\"@type\":\"PropertyValueSpecification\",\"valueRequired\":true,\"valueName\":\"search_term_string\"}}],\"inLanguage\":\"es\"},{\"@type\":\"Organization\",\"@id\":\"https:\\\/\\\/mirex.gob.do\\\/transparencia\\\/#organization\",\"name\":\"MIREX | Ministerio de Relaciones Exteriores\",\"url\":\"https:\\\/\\\/mirex.gob.do\\\/transparencia\\\/\",\"logo\":{\"@type\":\"ImageObject\",\"inLanguage\":\"es\",\"@id\":\"https:\\\/\\\/mirex.gob.do\\\/transparencia\\\/#\\\/schema\\\/logo\\\/image\\\/\",\"url\":\"https:\\\/\\\/mirex.gob.do\\\/transparencia\\\/wp-content\\\/uploads\\\/2021\\\/09\\\/Iconos-para-web-MIREX-28.png\",\"contentUrl\":\"https:\\\/\\\/mirex.gob.do\\\/transparencia\\\/wp-content\\\/uploads\\\/2021\\\/09\\\/Iconos-para-web-MIREX-28.png\",\"width\":2980,\"height\":2505,\"caption\":\"MIREX | Ministerio de Relaciones Exteriores\"},\"image\":{\"@id\":\"https:\\\/\\\/mirex.gob.do\\\/transparencia\\\/#\\\/schema\\\/logo\\\/image\\\/\"}}]}<\/script>\n<!-- \/ Yoast SEO plugin. -->","yoast_head_json":{"title":"Compras menores | Enero 2025 - MIREX | Ministerio de Relaciones Exteriores","robots":{"index":"index","follow":"follow","max-snippet":"max-snippet:-1","max-image-preview":"max-image-preview:large","max-video-preview":"max-video-preview:-1"},"canonical":"https:\/\/mirex.gob.do\/transparencia\/compras-menores-enero-2025\/","og_locale":"es_ES","og_type":"article","og_title":"Compras menores | Enero 2025 - MIREX | Ministerio de Relaciones Exteriores","og_description":"Compras y Contrataciones \/ 2025 &lt; Back ENERO \u201cDURANTE EL MES DE ENERO 2025 NO SE REALIZ\u00d3 NING\u00daN PROCESO DE COMPRAS BAJO ESTA MODALIDAD\u201d VER","og_url":"https:\/\/mirex.gob.do\/transparencia\/compras-menores-enero-2025\/","og_site_name":"MIREX | Ministerio de Relaciones Exteriores","article_modified_time":"2025-02-03T19:26:09+00:00","twitter_card":"summary_large_image","twitter_misc":{"Tiempo de lectura":"1 minuto"},"schema":{"@context":"https:\/\/schema.org","@graph":[{"@type":"WebPage","@id":"https:\/\/mirex.gob.do\/transparencia\/compras-menores-enero-2025\/","url":"https:\/\/mirex.gob.do\/transparencia\/compras-menores-enero-2025\/","name":"Compras menores | Enero 2025 - MIREX | Ministerio de Relaciones Exteriores","isPartOf":{"@id":"https:\/\/mirex.gob.do\/transparencia\/#website"},"datePublished":"2025-01-02T14:45:02+00:00","dateModified":"2025-02-03T19:26:09+00:00","breadcrumb":{"@id":"https:\/\/mirex.gob.do\/transparencia\/compras-menores-enero-2025\/#breadcrumb"},"inLanguage":"es","potentialAction":[{"@type":"ReadAction","target":["https:\/\/mirex.gob.do\/transparencia\/compras-menores-enero-2025\/"]}]},{"@type":"BreadcrumbList","@id":"https:\/\/mirex.gob.do\/transparencia\/compras-menores-enero-2025\/#breadcrumb","itemListElement":[{"@type":"ListItem","position":1,"name":"Inicio","item":"https:\/\/mirex.gob.do\/transparencia\/"},{"@type":"ListItem","position":2,"name":"Compras menores | Enero 2025"}]},{"@type":"WebSite","@id":"https:\/\/mirex.gob.do\/transparencia\/#website","url":"https:\/\/mirex.gob.do\/transparencia\/","name":"MIREX | Ministerio de Relaciones Exteriores","description":"Ministerio de Relaciones Exteriores (MIREX) es una instituci\u00f3n centralizada del Estado Dominicano, creada mediante ley, en los albores del surgimiento de la naci\u00f3n misma. Amparada en la Ley No. 314 del 6 de julio de 1964 y su Reglamento de aplicaci\u00f3n, este organismo es el responsable de implementar la Pol\u00edtica Exterior del pa\u00eds, la cual seg\u00fan se explica a continuaci\u00f3n, es trazada por el Presidente de la Rep\u00fablica.","publisher":{"@id":"https:\/\/mirex.gob.do\/transparencia\/#organization"},"potentialAction":[{"@type":"SearchAction","target":{"@type":"EntryPoint","urlTemplate":"https:\/\/mirex.gob.do\/transparencia\/?s={search_term_string}"},"query-input":{"@type":"PropertyValueSpecification","valueRequired":true,"valueName":"search_term_string"}}],"inLanguage":"es"},{"@type":"Organization","@id":"https:\/\/mirex.gob.do\/transparencia\/#organization","name":"MIREX | Ministerio de Relaciones Exteriores","url":"https:\/\/mirex.gob.do\/transparencia\/","logo":{"@type":"ImageObject","inLanguage":"es","@id":"https:\/\/mirex.gob.do\/transparencia\/#\/schema\/logo\/image\/","url":"https:\/\/mirex.gob.do\/transparencia\/wp-content\/uploads\/2021\/09\/Iconos-para-web-MIREX-28.png","contentUrl":"https:\/\/mirex.gob.do\/transparencia\/wp-content\/uploads\/2021\/09\/Iconos-para-web-MIREX-28.png","width":2980,"height":2505,"caption":"MIREX | Ministerio de Relaciones Exteriores"},"image":{"@id":"https:\/\/mirex.gob.do\/transparencia\/#\/schema\/logo\/image\/"}}]}},"_links":{"self":[{"href":"https:\/\/mirex.gob.do\/transparencia\/wp-json\/wp\/v2\/pages\/18550","targetHints":{"allow":["GET"]}}],"collection":[{"href":"https:\/\/mirex.gob.do\/transparencia\/wp-json\/wp\/v2\/pages"}],"about":[{"href":"https:\/\/mirex.gob.do\/transparencia\/wp-json\/wp\/v2\/types\/page"}],"author":[{"embeddable":true,"href":"https:\/\/mirex.gob.do\/transparencia\/wp-json\/wp\/v2\/users\/6"}],"replies":[{"embeddable":true,"href":"https:\/\/mirex.gob.do\/transparencia\/wp-json\/wp\/v2\/comments?post=18550"}],"version-history":[{"count":16,"href":"https:\/\/mirex.gob.do\/transparencia\/wp-json\/wp\/v2\/pages\/18550\/revisions"}],"predecessor-version":[{"id":18658,"href":"https:\/\/mirex.gob.do\/transparencia\/wp-json\/wp\/v2\/pages\/18550\/revisions\/18658"}],"wp:attachment":[{"href":"https:\/\/mirex.gob.do\/transparencia\/wp-json\/wp\/v2\/media?parent=18550"}],"wp:term":[{"taxonomy":"category","embeddable":true,"href":"https:\/\/mirex.gob.do\/transparencia\/wp-json\/wp\/v2\/categories?post=18550"},{"taxonomy":"post_tag","embeddable":true,"href":"https:\/\/mirex.gob.do\/transparencia\/wp-json\/wp\/v2\/tags?post=18550"}],"curies":[{"name":"wp","href":"https:\/\/api.w.org\/{rel}","templated":true}]}}