{"id":11841,"date":"2022-02-18T13:34:58","date_gmt":"2022-02-18T13:34:58","guid":{"rendered":"https:\/\/transparenciamirex2022.mirex.local\/?page_id=11841"},"modified":"2025-05-29T19:00:37","modified_gmt":"2025-05-29T19:00:37","slug":"nombre-del-rai-y-medios-de-contacto","status":"publish","type":"page","link":"https:\/\/mirex.gob.do\/transparencia\/oficina-del-libre-acceso-de-la-informacion-publica\/nombre-del-rai-y-medios-de-contacto\/","title":{"rendered":"Nombre del RAI y Medios de Contacto"},"content":{"rendered":"\t\t<div data-elementor-type=\"wp-page\" data-elementor-id=\"11841\" class=\"elementor elementor-11841\" data-elementor-post-type=\"page\">\n\t\t\t\t\t\t<section class=\"elementor-section elementor-top-section elementor-element elementor-element-b01e02b elementor-section-boxed elementor-section-height-default elementor-section-height-default wpr-particle-no wpr-jarallax-no wpr-parallax-no wpr-sticky-section-no wpr-equal-height-no\" data-id=\"b01e02b\" data-element_type=\"section\" data-e-type=\"section\">\n\t\t\t\t\t\t<div class=\"elementor-container elementor-column-gap-default\">\n\t\t\t\t\t<div class=\"elementor-column elementor-col-100 elementor-top-column elementor-element elementor-element-0571c79\" data-id=\"0571c79\" data-element_type=\"column\" data-e-type=\"column\">\n\t\t\t<div class=\"elementor-widget-wrap\">\n\t\t\t\t\t\t\t<\/div>\n\t\t<\/div>\n\t\t\t\t\t<\/div>\n\t\t<\/section>\n\t\t\t\t<section class=\"elementor-section elementor-top-section elementor-element elementor-element-7fb2f72 elementor-section-boxed elementor-section-height-default elementor-section-height-default wpr-particle-no wpr-jarallax-no wpr-parallax-no wpr-sticky-section-no wpr-equal-height-no\" data-id=\"7fb2f72\" data-element_type=\"section\" data-e-type=\"section\">\n\t\t\t\t\t\t<div class=\"elementor-container elementor-column-gap-default\">\n\t\t\t\t\t<div class=\"elementor-column elementor-col-100 elementor-top-column elementor-element elementor-element-d64473b\" data-id=\"d64473b\" data-element_type=\"column\" data-e-type=\"column\">\n\t\t\t<div class=\"elementor-widget-wrap\">\n\t\t\t\t\t\t\t<\/div>\n\t\t<\/div>\n\t\t\t\t\t<\/div>\n\t\t<\/section>\n\t\t\t\t<section class=\"elementor-section elementor-top-section elementor-element elementor-element-c5e0d23 elementor-section-boxed elementor-section-height-default elementor-section-height-default wpr-particle-no wpr-jarallax-no wpr-parallax-no wpr-sticky-section-no wpr-equal-height-no\" data-id=\"c5e0d23\" data-element_type=\"section\" data-e-type=\"section\">\n\t\t\t\t\t\t<div class=\"elementor-container elementor-column-gap-default\">\n\t\t\t\t\t<div class=\"elementor-column elementor-col-100 elementor-top-column elementor-element elementor-element-7782758\" data-id=\"7782758\" data-element_type=\"column\" data-e-type=\"column\">\n\t\t\t<div class=\"elementor-widget-wrap elementor-element-populated\">\n\t\t\t\t\t\t<div class=\"elementor-element elementor-element-70913e1 elementor-widget elementor-widget-spacer\" data-id=\"70913e1\" data-element_type=\"widget\" data-e-type=\"widget\" data-widget_type=\"spacer.default\">\n\t\t\t\t<div class=\"elementor-widget-container\">\n\t\t\t\t\t\t\t<div class=\"elementor-spacer\">\n\t\t\t<div class=\"elementor-spacer-inner\"><\/div>\n\t\t<\/div>\n\t\t\t\t\t\t<\/div>\n\t\t\t\t<\/div>\n\t\t\t\t<div class=\"elementor-element elementor-element-50b2f0a elementor-widget elementor-widget-text-editor\" data-id=\"50b2f0a\" data-element_type=\"widget\" data-e-type=\"widget\" data-widget_type=\"text-editor.default\">\n\t\t\t\t<div class=\"elementor-widget-container\">\n\t\t\t\t\t\t\t\t\t<h4>\u00a0<\/h4><h4 style=\"text-align: left;\">Ernestina Herrera de D\u00edaz<\/h4><h4 style=\"text-align: left;\">Responsable del Departamento<\/h4><h4 style=\"text-align: left;\">Oficina de Acceso a la Informaci\u00f3n P\u00fablica<\/h4><p>\u00a0<\/p><h6><span style=\"text-decoration: underline;\">N\u00fameros de Contactos:<\/span><\/h6><ul><li>Oficina: 809-987-7001 Ext. 7019 \/ 7218 \/ 7198<\/li><li>Celular: 829-928-3424<\/li><\/ul><h6><span style=\"text-decoration: underline;\">Correo electr\u00f3nico:<\/span><\/h6><ul><li><a href=\"mailto:oficinadeaccesoalainformacion@mirex.gob.do\">oficinadeaccesoalainformacion@mirex.gob.do<\/a><\/li><li><a href=\"mailto:eherrera@mirex.gob.do\">eherrera@mirex.gob.do<\/a><\/li><\/ul><h6><span style=\"text-decoration: underline;\">P\u00e1gina Web<\/span><\/h6><ul><li><a href=\"http:\/\/www.mirex.gob.do\">www.mirex.gob.do<\/a><\/li><li><a href=\"https:\/\/www.mirex.gob.do\/transparencia\/\">https:\/\/www.mirex.gob.do\/transparencia\/<\/a><\/li><\/ul><h6><span style=\"text-decoration: underline;\">Direcci\u00f3n: <\/span><\/h6><ul><li>Av. Independencia No. 752, Estancia San Ger\u00f3nimo, Santo Domingo Distrito Nacional, Rep\u00fablica Dominicana.<\/li><\/ul>\t\t\t\t\t\t\t\t<\/div>\n\t\t\t\t<\/div>\n\t\t\t\t<div class=\"elementor-element elementor-element-2776de2 elementor-widget elementor-widget-global elementor-global-13519 elementor-widget-image\" data-id=\"2776de2\" data-element_type=\"widget\" data-e-type=\"widget\" data-widget_type=\"image.default\">\n\t\t\t\t<div class=\"elementor-widget-container\">\n\t\t\t\t\t\t\t\t\t\t\t\t\t\t\t\t<a href=\"https:\/\/get.adobe.com\/es\/reader\/\" target=\"_blank\">\n\t\t\t\t\t\t\t<img fetchpriority=\"high\" decoding=\"async\" width=\"751\" height=\"127\" src=\"https:\/\/mirex.gob.do\/transparencia\/wp-content\/uploads\/2022\/02\/adobe.png\" class=\"attachment-large size-large wp-image-11340\" alt=\"adobe\" srcset=\"https:\/\/mirex.gob.do\/transparencia\/wp-content\/uploads\/2022\/02\/adobe.png 751w, https:\/\/mirex.gob.do\/transparencia\/wp-content\/uploads\/2022\/02\/adobe-300x51.png 300w\" sizes=\"(max-width: 751px) 100vw, 751px\" \/>\t\t\t\t\t\t\t\t<\/a>\n\t\t\t\t\t\t\t\t\t\t\t\t\t\t\t<\/div>\n\t\t\t\t<\/div>\n\t\t\t\t\t<\/div>\n\t\t<\/div>\n\t\t\t\t\t<\/div>\n\t\t<\/section>\n\t\t\t\t<\/div>\n\t\t","protected":false},"excerpt":{"rendered":"<p>\u00a0 Ernestina Herrera de D\u00edaz Responsable del Departamento Oficina de Acceso a la Informaci\u00f3n P\u00fablica \u00a0 N\u00fameros de Contactos: Oficina: 809-987-7001 Ext. 7019 \/ 7218 \/ 7198 Celular: 829-928-3424 Correo electr\u00f3nico: oficinadeaccesoalainformacion@mirex.gob.do eherrera@mirex.gob.do P\u00e1gina Web www.mirex.gob.do https:\/\/www.mirex.gob.do\/transparencia\/ Direcci\u00f3n: Av. Independencia No. 752, Estancia San Ger\u00f3nimo, Santo Domingo Distrito Nacional, Rep\u00fablica Dominicana.<\/p>\n","protected":false},"author":6,"featured_media":0,"parent":11405,"menu_order":0,"comment_status":"closed","ping_status":"closed","template":"","meta":{"site-sidebar-layout":"left-sidebar","site-content-layout":"plain-container","ast-site-content-layout":"default","site-content-style":"default","site-sidebar-style":"default","ast-global-header-display":"","ast-banner-title-visibility":"","ast-main-header-display":"","ast-hfb-above-header-display":"","ast-hfb-below-header-display":"","ast-hfb-mobile-header-display":"","site-post-title":"disabled","ast-breadcrumbs-content":"","ast-featured-img":"disabled","footer-sml-layout":"","ast-disable-related-posts":"","theme-transparent-header-meta":"","adv-header-id-meta":"","stick-header-meta":"","header-above-stick-meta":"","header-main-stick-meta":"","header-below-stick-meta":"","astra-migrate-meta-layouts":"default","ast-page-background-enabled":"default","ast-page-background-meta":{"desktop":{"background-color":"","background-image":"","background-repeat":"repeat","background-position":"center center","background-size":"auto","background-attachment":"scroll","background-type":"","background-media":"","overlay-type":"","overlay-color":"","overlay-opacity":"","overlay-gradient":""},"tablet":{"background-color":"","background-image":"","background-repeat":"repeat","background-position":"center center","background-size":"auto","background-attachment":"scroll","background-type":"","background-media":"","overlay-type":"","overlay-color":"","overlay-opacity":"","overlay-gradient":""},"mobile":{"background-color":"","background-image":"","background-repeat":"repeat","background-position":"center center","background-size":"auto","background-attachment":"scroll","background-type":"","background-media":"","overlay-type":"","overlay-color":"","overlay-opacity":"","overlay-gradient":""}},"ast-content-background-meta":{"desktop":{"background-color":"var(--ast-global-color-5)","background-image":"","background-repeat":"repeat","background-position":"center center","background-size":"auto","background-attachment":"scroll","background-type":"","background-media":"","overlay-type":"","overlay-color":"","overlay-opacity":"","overlay-gradient":""},"tablet":{"background-color":"var(--ast-global-color-5)","background-image":"","background-repeat":"repeat","background-position":"center center","background-size":"auto","background-attachment":"scroll","background-type":"","background-media":"","overlay-type":"","overlay-color":"","overlay-opacity":"","overlay-gradient":""},"mobile":{"background-color":"var(--ast-global-color-5)","background-image":"","background-repeat":"repeat","background-position":"center center","background-size":"auto","background-attachment":"scroll","background-type":"","background-media":"","overlay-type":"","overlay-color":"","overlay-opacity":"","overlay-gradient":""}},"footnotes":""},"categories":[208],"tags":[],"class_list":["post-11841","page","type-page","status-publish","hentry","category-oai"],"yoast_head":"<!-- This site is optimized with the Yoast SEO plugin v27.4 - https:\/\/yoast.com\/product\/yoast-seo-wordpress\/ -->\n<title>Nombre del RAI y Medios de Contacto - MIREX | Ministerio de Relaciones Exteriores<\/title>\n<meta name=\"robots\" content=\"index, follow, max-snippet:-1, max-image-preview:large, max-video-preview:-1\" \/>\n<link rel=\"canonical\" href=\"https:\/\/mirex.gob.do\/transparencia\/oficina-del-libre-acceso-de-la-informacion-publica\/nombre-del-rai-y-medios-de-contacto\/\" \/>\n<meta property=\"og:locale\" content=\"es_ES\" \/>\n<meta property=\"og:type\" content=\"article\" \/>\n<meta property=\"og:title\" content=\"Nombre del RAI y Medios de Contacto - MIREX | Ministerio de Relaciones Exteriores\" \/>\n<meta property=\"og:description\" content=\"\u00a0 Ernestina Herrera de D\u00edaz Responsable del Departamento Oficina de Acceso a la Informaci\u00f3n P\u00fablica \u00a0 N\u00fameros de Contactos: Oficina: 809-987-7001 Ext. 7019 \/ 7218 \/ 7198 Celular: 829-928-3424 Correo electr\u00f3nico: oficinadeaccesoalainformacion@mirex.gob.do eherrera@mirex.gob.do P\u00e1gina Web www.mirex.gob.do https:\/\/www.mirex.gob.do\/transparencia\/ Direcci\u00f3n: Av. Independencia No. 752, Estancia San Ger\u00f3nimo, Santo Domingo Distrito Nacional, Rep\u00fablica Dominicana.\" \/>\n<meta property=\"og:url\" content=\"https:\/\/mirex.gob.do\/transparencia\/oficina-del-libre-acceso-de-la-informacion-publica\/nombre-del-rai-y-medios-de-contacto\/\" \/>\n<meta property=\"og:site_name\" content=\"MIREX | Ministerio de Relaciones Exteriores\" \/>\n<meta property=\"article:modified_time\" content=\"2025-05-29T19:00:37+00:00\" \/>\n<meta property=\"og:image\" content=\"https:\/\/mirex.gob.do\/transparencia\/wp-content\/uploads\/2022\/02\/adobe.png\" \/>\n\t<meta property=\"og:image:width\" content=\"751\" \/>\n\t<meta property=\"og:image:height\" content=\"127\" \/>\n\t<meta property=\"og:image:type\" content=\"image\/png\" \/>\n<meta name=\"twitter:card\" content=\"summary_large_image\" \/>\n<meta name=\"twitter:label1\" content=\"Tiempo de lectura\" \/>\n\t<meta name=\"twitter:data1\" content=\"1 minuto\" \/>\n<script type=\"application\/ld+json\" class=\"yoast-schema-graph\">{\"@context\":\"https:\\\/\\\/schema.org\",\"@graph\":[{\"@type\":\"WebPage\",\"@id\":\"https:\\\/\\\/mirex.gob.do\\\/transparencia\\\/oficina-del-libre-acceso-de-la-informacion-publica\\\/nombre-del-rai-y-medios-de-contacto\\\/\",\"url\":\"https:\\\/\\\/mirex.gob.do\\\/transparencia\\\/oficina-del-libre-acceso-de-la-informacion-publica\\\/nombre-del-rai-y-medios-de-contacto\\\/\",\"name\":\"Nombre del RAI y Medios de Contacto - MIREX | Ministerio de Relaciones Exteriores\",\"isPartOf\":{\"@id\":\"https:\\\/\\\/mirex.gob.do\\\/transparencia\\\/#website\"},\"primaryImageOfPage\":{\"@id\":\"https:\\\/\\\/mirex.gob.do\\\/transparencia\\\/oficina-del-libre-acceso-de-la-informacion-publica\\\/nombre-del-rai-y-medios-de-contacto\\\/#primaryimage\"},\"image\":{\"@id\":\"https:\\\/\\\/mirex.gob.do\\\/transparencia\\\/oficina-del-libre-acceso-de-la-informacion-publica\\\/nombre-del-rai-y-medios-de-contacto\\\/#primaryimage\"},\"thumbnailUrl\":\"https:\\\/\\\/mirex.gob.do\\\/transparencia\\\/wp-content\\\/uploads\\\/2022\\\/02\\\/adobe.png\",\"datePublished\":\"2022-02-18T13:34:58+00:00\",\"dateModified\":\"2025-05-29T19:00:37+00:00\",\"breadcrumb\":{\"@id\":\"https:\\\/\\\/mirex.gob.do\\\/transparencia\\\/oficina-del-libre-acceso-de-la-informacion-publica\\\/nombre-del-rai-y-medios-de-contacto\\\/#breadcrumb\"},\"inLanguage\":\"es\",\"potentialAction\":[{\"@type\":\"ReadAction\",\"target\":[\"https:\\\/\\\/mirex.gob.do\\\/transparencia\\\/oficina-del-libre-acceso-de-la-informacion-publica\\\/nombre-del-rai-y-medios-de-contacto\\\/\"]}]},{\"@type\":\"ImageObject\",\"inLanguage\":\"es\",\"@id\":\"https:\\\/\\\/mirex.gob.do\\\/transparencia\\\/oficina-del-libre-acceso-de-la-informacion-publica\\\/nombre-del-rai-y-medios-de-contacto\\\/#primaryimage\",\"url\":\"https:\\\/\\\/mirex.gob.do\\\/transparencia\\\/wp-content\\\/uploads\\\/2022\\\/02\\\/adobe.png\",\"contentUrl\":\"https:\\\/\\\/mirex.gob.do\\\/transparencia\\\/wp-content\\\/uploads\\\/2022\\\/02\\\/adobe.png\",\"width\":751,\"height\":127,\"caption\":\"adobe\"},{\"@type\":\"BreadcrumbList\",\"@id\":\"https:\\\/\\\/mirex.gob.do\\\/transparencia\\\/oficina-del-libre-acceso-de-la-informacion-publica\\\/nombre-del-rai-y-medios-de-contacto\\\/#breadcrumb\",\"itemListElement\":[{\"@type\":\"ListItem\",\"position\":1,\"name\":\"Inicio\",\"item\":\"https:\\\/\\\/mirex.gob.do\\\/transparencia\\\/\"},{\"@type\":\"ListItem\",\"position\":2,\"name\":\"Oficina del libre acceso de la informaci\u00f3n publica\",\"item\":\"https:\\\/\\\/mirex.gob.do\\\/transparencia\\\/oficina-del-libre-acceso-de-la-informacion-publica\\\/\"},{\"@type\":\"ListItem\",\"position\":3,\"name\":\"Nombre del RAI y Medios de Contacto\"}]},{\"@type\":\"WebSite\",\"@id\":\"https:\\\/\\\/mirex.gob.do\\\/transparencia\\\/#website\",\"url\":\"https:\\\/\\\/mirex.gob.do\\\/transparencia\\\/\",\"name\":\"MIREX | Ministerio de Relaciones Exteriores\",\"description\":\"Ministerio de Relaciones Exteriores (MIREX) es una instituci\u00f3n centralizada del Estado Dominicano, creada mediante ley, en los albores del surgimiento de la naci\u00f3n misma. Amparada en la Ley No. 314 del 6 de julio de 1964 y su Reglamento de aplicaci\u00f3n, este organismo es el responsable de implementar la Pol\u00edtica Exterior del pa\u00eds, la cual seg\u00fan se explica a continuaci\u00f3n, es trazada por el Presidente de la Rep\u00fablica.\",\"publisher\":{\"@id\":\"https:\\\/\\\/mirex.gob.do\\\/transparencia\\\/#organization\"},\"potentialAction\":[{\"@type\":\"SearchAction\",\"target\":{\"@type\":\"EntryPoint\",\"urlTemplate\":\"https:\\\/\\\/mirex.gob.do\\\/transparencia\\\/?s={search_term_string}\"},\"query-input\":{\"@type\":\"PropertyValueSpecification\",\"valueRequired\":true,\"valueName\":\"search_term_string\"}}],\"inLanguage\":\"es\"},{\"@type\":\"Organization\",\"@id\":\"https:\\\/\\\/mirex.gob.do\\\/transparencia\\\/#organization\",\"name\":\"MIREX | Ministerio de Relaciones Exteriores\",\"url\":\"https:\\\/\\\/mirex.gob.do\\\/transparencia\\\/\",\"logo\":{\"@type\":\"ImageObject\",\"inLanguage\":\"es\",\"@id\":\"https:\\\/\\\/mirex.gob.do\\\/transparencia\\\/#\\\/schema\\\/logo\\\/image\\\/\",\"url\":\"https:\\\/\\\/mirex.gob.do\\\/transparencia\\\/wp-content\\\/uploads\\\/2021\\\/09\\\/Iconos-para-web-MIREX-28.png\",\"contentUrl\":\"https:\\\/\\\/mirex.gob.do\\\/transparencia\\\/wp-content\\\/uploads\\\/2021\\\/09\\\/Iconos-para-web-MIREX-28.png\",\"width\":2980,\"height\":2505,\"caption\":\"MIREX | Ministerio de Relaciones Exteriores\"},\"image\":{\"@id\":\"https:\\\/\\\/mirex.gob.do\\\/transparencia\\\/#\\\/schema\\\/logo\\\/image\\\/\"}}]}<\/script>\n<!-- \/ Yoast SEO plugin. -->","yoast_head_json":{"title":"Nombre del RAI y Medios de Contacto - MIREX | Ministerio de Relaciones Exteriores","robots":{"index":"index","follow":"follow","max-snippet":"max-snippet:-1","max-image-preview":"max-image-preview:large","max-video-preview":"max-video-preview:-1"},"canonical":"https:\/\/mirex.gob.do\/transparencia\/oficina-del-libre-acceso-de-la-informacion-publica\/nombre-del-rai-y-medios-de-contacto\/","og_locale":"es_ES","og_type":"article","og_title":"Nombre del RAI y Medios de Contacto - MIREX | Ministerio de Relaciones Exteriores","og_description":"\u00a0 Ernestina Herrera de D\u00edaz Responsable del Departamento Oficina de Acceso a la Informaci\u00f3n P\u00fablica \u00a0 N\u00fameros de Contactos: Oficina: 809-987-7001 Ext. 7019 \/ 7218 \/ 7198 Celular: 829-928-3424 Correo electr\u00f3nico: oficinadeaccesoalainformacion@mirex.gob.do eherrera@mirex.gob.do P\u00e1gina Web www.mirex.gob.do https:\/\/www.mirex.gob.do\/transparencia\/ Direcci\u00f3n: Av. Independencia No. 752, Estancia San Ger\u00f3nimo, Santo Domingo Distrito Nacional, Rep\u00fablica Dominicana.","og_url":"https:\/\/mirex.gob.do\/transparencia\/oficina-del-libre-acceso-de-la-informacion-publica\/nombre-del-rai-y-medios-de-contacto\/","og_site_name":"MIREX | Ministerio de Relaciones Exteriores","article_modified_time":"2025-05-29T19:00:37+00:00","og_image":[{"width":751,"height":127,"url":"https:\/\/mirex.gob.do\/transparencia\/wp-content\/uploads\/2022\/02\/adobe.png","type":"image\/png"}],"twitter_card":"summary_large_image","twitter_misc":{"Tiempo de lectura":"1 minuto"},"schema":{"@context":"https:\/\/schema.org","@graph":[{"@type":"WebPage","@id":"https:\/\/mirex.gob.do\/transparencia\/oficina-del-libre-acceso-de-la-informacion-publica\/nombre-del-rai-y-medios-de-contacto\/","url":"https:\/\/mirex.gob.do\/transparencia\/oficina-del-libre-acceso-de-la-informacion-publica\/nombre-del-rai-y-medios-de-contacto\/","name":"Nombre del RAI y Medios de Contacto - MIREX | Ministerio de Relaciones Exteriores","isPartOf":{"@id":"https:\/\/mirex.gob.do\/transparencia\/#website"},"primaryImageOfPage":{"@id":"https:\/\/mirex.gob.do\/transparencia\/oficina-del-libre-acceso-de-la-informacion-publica\/nombre-del-rai-y-medios-de-contacto\/#primaryimage"},"image":{"@id":"https:\/\/mirex.gob.do\/transparencia\/oficina-del-libre-acceso-de-la-informacion-publica\/nombre-del-rai-y-medios-de-contacto\/#primaryimage"},"thumbnailUrl":"https:\/\/mirex.gob.do\/transparencia\/wp-content\/uploads\/2022\/02\/adobe.png","datePublished":"2022-02-18T13:34:58+00:00","dateModified":"2025-05-29T19:00:37+00:00","breadcrumb":{"@id":"https:\/\/mirex.gob.do\/transparencia\/oficina-del-libre-acceso-de-la-informacion-publica\/nombre-del-rai-y-medios-de-contacto\/#breadcrumb"},"inLanguage":"es","potentialAction":[{"@type":"ReadAction","target":["https:\/\/mirex.gob.do\/transparencia\/oficina-del-libre-acceso-de-la-informacion-publica\/nombre-del-rai-y-medios-de-contacto\/"]}]},{"@type":"ImageObject","inLanguage":"es","@id":"https:\/\/mirex.gob.do\/transparencia\/oficina-del-libre-acceso-de-la-informacion-publica\/nombre-del-rai-y-medios-de-contacto\/#primaryimage","url":"https:\/\/mirex.gob.do\/transparencia\/wp-content\/uploads\/2022\/02\/adobe.png","contentUrl":"https:\/\/mirex.gob.do\/transparencia\/wp-content\/uploads\/2022\/02\/adobe.png","width":751,"height":127,"caption":"adobe"},{"@type":"BreadcrumbList","@id":"https:\/\/mirex.gob.do\/transparencia\/oficina-del-libre-acceso-de-la-informacion-publica\/nombre-del-rai-y-medios-de-contacto\/#breadcrumb","itemListElement":[{"@type":"ListItem","position":1,"name":"Inicio","item":"https:\/\/mirex.gob.do\/transparencia\/"},{"@type":"ListItem","position":2,"name":"Oficina del libre acceso de la informaci\u00f3n publica","item":"https:\/\/mirex.gob.do\/transparencia\/oficina-del-libre-acceso-de-la-informacion-publica\/"},{"@type":"ListItem","position":3,"name":"Nombre del RAI y Medios de Contacto"}]},{"@type":"WebSite","@id":"https:\/\/mirex.gob.do\/transparencia\/#website","url":"https:\/\/mirex.gob.do\/transparencia\/","name":"MIREX | Ministerio de Relaciones Exteriores","description":"Ministerio de Relaciones Exteriores (MIREX) es una instituci\u00f3n centralizada del Estado Dominicano, creada mediante ley, en los albores del surgimiento de la naci\u00f3n misma. Amparada en la Ley No. 314 del 6 de julio de 1964 y su Reglamento de aplicaci\u00f3n, este organismo es el responsable de implementar la Pol\u00edtica Exterior del pa\u00eds, la cual seg\u00fan se explica a continuaci\u00f3n, es trazada por el Presidente de la Rep\u00fablica.","publisher":{"@id":"https:\/\/mirex.gob.do\/transparencia\/#organization"},"potentialAction":[{"@type":"SearchAction","target":{"@type":"EntryPoint","urlTemplate":"https:\/\/mirex.gob.do\/transparencia\/?s={search_term_string}"},"query-input":{"@type":"PropertyValueSpecification","valueRequired":true,"valueName":"search_term_string"}}],"inLanguage":"es"},{"@type":"Organization","@id":"https:\/\/mirex.gob.do\/transparencia\/#organization","name":"MIREX | Ministerio de Relaciones Exteriores","url":"https:\/\/mirex.gob.do\/transparencia\/","logo":{"@type":"ImageObject","inLanguage":"es","@id":"https:\/\/mirex.gob.do\/transparencia\/#\/schema\/logo\/image\/","url":"https:\/\/mirex.gob.do\/transparencia\/wp-content\/uploads\/2021\/09\/Iconos-para-web-MIREX-28.png","contentUrl":"https:\/\/mirex.gob.do\/transparencia\/wp-content\/uploads\/2021\/09\/Iconos-para-web-MIREX-28.png","width":2980,"height":2505,"caption":"MIREX | Ministerio de Relaciones Exteriores"},"image":{"@id":"https:\/\/mirex.gob.do\/transparencia\/#\/schema\/logo\/image\/"}}]}},"_links":{"self":[{"href":"https:\/\/mirex.gob.do\/transparencia\/wp-json\/wp\/v2\/pages\/11841","targetHints":{"allow":["GET"]}}],"collection":[{"href":"https:\/\/mirex.gob.do\/transparencia\/wp-json\/wp\/v2\/pages"}],"about":[{"href":"https:\/\/mirex.gob.do\/transparencia\/wp-json\/wp\/v2\/types\/page"}],"author":[{"embeddable":true,"href":"https:\/\/mirex.gob.do\/transparencia\/wp-json\/wp\/v2\/users\/6"}],"replies":[{"embeddable":true,"href":"https:\/\/mirex.gob.do\/transparencia\/wp-json\/wp\/v2\/comments?post=11841"}],"version-history":[{"count":37,"href":"https:\/\/mirex.gob.do\/transparencia\/wp-json\/wp\/v2\/pages\/11841\/revisions"}],"predecessor-version":[{"id":19189,"href":"https:\/\/mirex.gob.do\/transparencia\/wp-json\/wp\/v2\/pages\/11841\/revisions\/19189"}],"up":[{"embeddable":true,"href":"https:\/\/mirex.gob.do\/transparencia\/wp-json\/wp\/v2\/pages\/11405"}],"wp:attachment":[{"href":"https:\/\/mirex.gob.do\/transparencia\/wp-json\/wp\/v2\/media?parent=11841"}],"wp:term":[{"taxonomy":"category","embeddable":true,"href":"https:\/\/mirex.gob.do\/transparencia\/wp-json\/wp\/v2\/categories?post=11841"},{"taxonomy":"post_tag","embeddable":true,"href":"https:\/\/mirex.gob.do\/transparencia\/wp-json\/wp\/v2\/tags?post=11841"}],"curies":[{"name":"wp","href":"https:\/\/api.w.org\/{rel}","templated":true}]}}