{"id":11375,"date":"2022-02-14T20:14:03","date_gmt":"2022-02-14T20:14:03","guid":{"rendered":"https:\/\/transparenciamirex2022.mirex.local\/?page_id=11375"},"modified":"2023-08-31T14:00:54","modified_gmt":"2023-08-31T14:00:54","slug":"marco-legal-de-transparencia","status":"publish","type":"page","link":"https:\/\/mirex.gob.do\/transparencia\/marco-legal-de-transparencia\/","title":{"rendered":"Marco Legal del Sistema de Transparencia"},"content":{"rendered":"\t\t<div data-elementor-type=\"wp-page\" data-elementor-id=\"11375\" class=\"elementor elementor-11375\" data-elementor-post-type=\"page\">\n\t\t\t\t\t\t<section class=\"elementor-section elementor-top-section elementor-element elementor-element-0c93a79 elementor-section-boxed elementor-section-height-default elementor-section-height-default wpr-particle-no wpr-jarallax-no wpr-parallax-no wpr-sticky-section-no wpr-equal-height-no\" data-id=\"0c93a79\" data-element_type=\"section\" data-e-type=\"section\">\n\t\t\t\t\t\t<div class=\"elementor-container elementor-column-gap-default\">\n\t\t\t\t\t<div class=\"elementor-column elementor-col-100 elementor-top-column elementor-element elementor-element-98a43c3\" data-id=\"98a43c3\" data-element_type=\"column\" data-e-type=\"column\">\n\t\t\t<div class=\"elementor-widget-wrap elementor-element-populated\">\n\t\t\t\t\t\t<div class=\"elementor-element elementor-element-b2975bf elementor-widget elementor-widget-spacer\" data-id=\"b2975bf\" data-element_type=\"widget\" data-e-type=\"widget\" data-widget_type=\"spacer.default\">\n\t\t\t\t<div class=\"elementor-widget-container\">\n\t\t\t\t\t\t\t<div class=\"elementor-spacer\">\n\t\t\t<div class=\"elementor-spacer-inner\"><\/div>\n\t\t<\/div>\n\t\t\t\t\t\t<\/div>\n\t\t\t\t<\/div>\n\t\t\t\t<div class=\"elementor-element elementor-element-a979a7d elementor-widget elementor-widget-text-editor\" data-id=\"a979a7d\" data-element_type=\"widget\" data-e-type=\"widget\" data-widget_type=\"text-editor.default\">\n\t\t\t\t<div class=\"elementor-widget-container\">\n\t\t\t\t\t\t\t\t\t<p>Esta Secci\u00f3n contiene las leyes, decretos, resoluciones y normativas que constituyen el marco regulatorio en materia de transparencia de la Rep\u00fablica Dominicana.<\/p>\t\t\t\t\t\t\t\t<\/div>\n\t\t\t\t<\/div>\n\t\t\t\t\t<\/div>\n\t\t<\/div>\n\t\t\t\t\t<\/div>\n\t\t<\/section>\n\t\t\t\t<section class=\"elementor-section elementor-top-section elementor-element elementor-element-b98dce9 elementor-section-boxed elementor-section-height-default elementor-section-height-default wpr-particle-no wpr-jarallax-no wpr-parallax-no wpr-sticky-section-no wpr-equal-height-no\" data-id=\"b98dce9\" data-element_type=\"section\" data-e-type=\"section\">\n\t\t\t\t\t\t<div class=\"elementor-container elementor-column-gap-default\">\n\t\t\t\t\t<div class=\"elementor-column elementor-col-100 elementor-top-column elementor-element elementor-element-bd5d8c7\" data-id=\"bd5d8c7\" data-element_type=\"column\" data-e-type=\"column\">\n\t\t\t<div class=\"elementor-widget-wrap elementor-element-populated\">\n\t\t\t\t\t\t<div class=\"elementor-element elementor-element-cdbb4fa elementor-widget elementor-widget-wpfd_choose_category\" data-id=\"cdbb4fa\" data-element_type=\"widget\" data-e-type=\"widget\" data-widget_type=\"wpfd_choose_category.default\">\n\t\t\t\t<div class=\"elementor-widget-container\">\n\t\t\t\t\t<div id=\"wpfd-elementor-category\" class=\"wpfd-elementor-category\"><script type=\"text\/x-handlebars-template\"        id=\"wpfd-template-table-categories-106\">    <div class=\"wpfd-categories \">{{#if category}}{{#with category}}{{#if parent}}<a class=\"catlink backcategory\" href=\"#\" data-idcat=\"{{parent}}\">                        <i class=\"zmdi zmdi-chevron-left\"><\/i><span>Back<\/span><\/a>{{\/if}}{{\/with}}{{\/if}}{{#if category.desc}}<div class=\"wpfd-category-desc\">{{category.desc}}<\/div>{{\/if}}{{#if categories}}{{#each categories}}<a class=\"wpfdcategory catlink \" style=\"margin : 10px 10px 10px 10px;\" href=\"#\" data-idcat=\"{{term_id}}\" title=\"{{name}}\">                                <span>{{name}}<\/span><i class=\"zmdi zmdi-folder wpfd-folder\"><\/i>                            <\/a>{{\/each}}{{\/if}}<div class=\"wpfdcategory_placeholder\" style=\"margin : 0 10px 0 10px;\"><\/div><div class=\"wpfdcategory_placeholder\" style=\"margin : 0 10px 0 10px;\"><\/div><div class=\"wpfdcategory_placeholder\" style=\"margin : 0 10px 0 10px;\"><\/div><\/div><\/script><script type=\"text\/x-handlebars-template\" id=\"wpfd-template-table-106\">    {{#if files}}    {{#each files}}    <tr class=\"file {{class}} {{ext}}\" data-id=\"{{ID}}\" data-catid=\"{{catid}}\">        <input type=\"hidden\" class=\"wpfd_file_preview_link_download\" value=\"{{linkdownload}}\" data-filetitle=\"{{post_title}}\" data-fileicons=\"ext ext-{{ext}} wpfd-icon-set-png\" \/>    <td class=\"file_title\"><a class=\"wpfd_downloadlink\" href=\"{{linkdownload}}\" title=\"{{post_title}}\" target=\"{{#if remote_file}}_blank{{\/if}}\"><span class=\"extcol\">{{#if file_custom_icon}}<span class=\"icon-custom\"><img decoding=\"async\" src=\"{{file_custom_icon}}\"><\/span>{{else}}<span class=\"ext ext-{{ext}} wpfd-icon-set-png\"><\/span>{{\/if}}<\/span>{{{crop_title}}}<\/a><\/td><td class=\"file_size\">{{bytesToSize size}}<\/td>                    <td class=\"col-download\">                <a class=\"downloadlink wpfd_downloadlink\"  href=\"{{linkdownload}}\" style=\"background-color:rgba(0, 114, 207, 1);color:#ffffff;\" target=\"{{#if remote_file}}_blank{{\/if}}\">Download<i class=\"zmdi zmdi-cloud-download wpfd-download\"><\/i><\/a>            <\/td>            <\/tr>    {{\/each}}    {{\/if}}<\/script><div class=\"wpfd-content wpfd-content-table wpfd-content-multi colstyle-hide\" data-category=\"106\"              style=\"background-color: rgba(255, 255, 255, 0);\"><input type=\"hidden\" id=\"current_category_106\" value=\"106\" \/>                    <input type=\"hidden\" id=\"current_category_slug_106\" value=\"marco-legal-del-sistema-de-transparencia\" \/>                    <input type=\"hidden\" id=\"current_ordering_106\" value=\"created_time\" \/>                    <input type=\"hidden\" id=\"current_ordering_direction_106\" value=\"desc\" \/>                    <input type=\"hidden\" id=\"page_limit_106\" value=\"10\" \/><input type=\"hidden\" id=\"wpfd_display_empty_category_message\" value=\"1\" \/><input type=\"hidden\" id=\"wpfd_empty_category_message_val\" value=\"Actualmente no existen archivos en esta categor\u00eda\" \/><input type=\"hidden\" id=\"wpfd_display_empty_folder\" value=\"1\" \/><input type=\"hidden\" id=\"wpfd_is_empty_subcategories\" value=\"1\" \/><input type=\"hidden\" id=\"wpfd_is_empty_files\" value=\"1\" \/><input type=\"hidden\" id=\"wpfd_root_category_id\" class=\"wpfd_root_category_id\" value=\"106\" \/><input type=\"hidden\" id=\"wpfd_root_category_theme\" class=\"wpfd_root_category_theme\" value=\"table\" \/><input type=\"hidden\" id=\"wpfd_root_category_clone_theme_type\" class=\"wpfd_root_category_clone_theme_type\" value=\"none\" \/><input type=\"hidden\" id=\"wpfd_root_category_type\" class=\"wpfd_root_category_type\" value=\"106\" \/><ul class=\"breadcrumbs wpfd-breadcrumbs-table head-category-table\">                            <li class=\"active\">Marco legal del Sistema de transparencia<\/li>                        <\/ul><div class=\"wpfd-container show_breadcrumb show_subcategories\">        <div class=\"wpfd-open-tree\"><\/div>    <div class=\"wpfd-container-table   wpfd-table-hidden\">        <div class=\"wpfd-categories \"><div class=\"wpfd-category-desc\"><\/div><a class=\"wpfdcategory catlink\" style=\"margin : 10px 10px 10px 10px;\" href=\"#\"                                   data-idcat=\"107\"                                   title=\"Leyes\">                                    <span>Leyes<\/span>                                    <i class=\"zmdi zmdi-folder wpfd-folder\"><\/i>                                <\/a><a class=\"wpfdcategory catlink\" style=\"margin : 10px 10px 10px 10px;\" href=\"#\"                                   data-idcat=\"108\"                                   title=\"Decretos\">                                    <span>Decretos<\/span>                                    <i class=\"zmdi zmdi-folder wpfd-folder\"><\/i>                                <\/a><a class=\"wpfdcategory catlink\" style=\"margin : 10px 10px 10px 10px;\" href=\"#\"                                   data-idcat=\"109\"                                   title=\"Resoluciones\">                                    <span>Resoluciones<\/span>                                    <i class=\"zmdi zmdi-folder wpfd-folder\"><\/i>                                <\/a><a class=\"wpfdcategory catlink\" style=\"margin : 10px 10px 10px 10px;\" href=\"#\"                                   data-idcat=\"110\"                                   title=\"Normativas\">                                    <span>Normativas<\/span>                                    <i class=\"zmdi zmdi-folder wpfd-folder\"><\/i>                                <\/a><div class=\"wpfdcategory_placeholder\" style=\"margin : 0 10px 0 10px;\"><\/div><div class=\"wpfdcategory_placeholder\" style=\"margin : 0 10px 0 10px;\"><\/div><div class=\"wpfdcategory_placeholder\" style=\"margin : 0 10px 0 10px;\"><\/div><input type=\"hidden\" id=\"wpfd_subcategories_hover_color\" class=\"wpfd_subcategories_hover_color\" value=\"\" \/><\/div>        <table class=\"wpfd-search-result wpfd-table wpfd-table-bordered wpfd-table-striped wpfd-table-0 mediaTable wpfd-theme-rows\">            <thead>                <tr>                    <th class=\"essential persist file_title\">Title<\/th><th class=\"optional file_size\">Size<\/th><th class=\"essential file_download file_download_tbl\">Download<\/th>                <\/tr>            <\/thead>            <tbody>                        <\/tbody>        <\/table>            <\/div><\/div><\/div><\/div>\t\t\t\t<\/div>\n\t\t\t\t<\/div>\n\t\t\t\t\t<\/div>\n\t\t<\/div>\n\t\t\t\t\t<\/div>\n\t\t<\/section>\n\t\t\t\t<section class=\"elementor-section elementor-top-section elementor-element elementor-element-3fd0032 elementor-section-boxed elementor-section-height-default elementor-section-height-default wpr-particle-no wpr-jarallax-no wpr-parallax-no wpr-sticky-section-no wpr-equal-height-no\" data-id=\"3fd0032\" data-element_type=\"section\" data-e-type=\"section\">\n\t\t\t\t\t\t<div class=\"elementor-container elementor-column-gap-default\">\n\t\t\t\t\t<div class=\"elementor-column elementor-col-100 elementor-top-column elementor-element elementor-element-d4fa672\" data-id=\"d4fa672\" data-element_type=\"column\" data-e-type=\"column\">\n\t\t\t<div class=\"elementor-widget-wrap elementor-element-populated\">\n\t\t\t\t\t\t<div class=\"elementor-element elementor-element-da6b6a3 elementor-widget elementor-widget-spacer\" data-id=\"da6b6a3\" data-element_type=\"widget\" data-e-type=\"widget\" data-widget_type=\"spacer.default\">\n\t\t\t\t<div class=\"elementor-widget-container\">\n\t\t\t\t\t\t\t<div class=\"elementor-spacer\">\n\t\t\t<div class=\"elementor-spacer-inner\"><\/div>\n\t\t<\/div>\n\t\t\t\t\t\t<\/div>\n\t\t\t\t<\/div>\n\t\t\t\t\t<\/div>\n\t\t<\/div>\n\t\t\t\t\t<\/div>\n\t\t<\/section>\n\t\t\t\t<section class=\"elementor-section elementor-top-section elementor-element elementor-element-c357aad elementor-section-boxed elementor-section-height-default elementor-section-height-default wpr-particle-no wpr-jarallax-no wpr-parallax-no wpr-sticky-section-no wpr-equal-height-no\" data-id=\"c357aad\" data-element_type=\"section\" data-e-type=\"section\">\n\t\t\t\t\t\t<div class=\"elementor-container elementor-column-gap-default\">\n\t\t\t\t\t<div class=\"elementor-column elementor-col-100 elementor-top-column elementor-element elementor-element-24301b0\" data-id=\"24301b0\" data-element_type=\"column\" data-e-type=\"column\">\n\t\t\t<div class=\"elementor-widget-wrap elementor-element-populated\">\n\t\t\t\t\t\t<div class=\"elementor-element elementor-element-5969174 elementor-widget elementor-widget-global elementor-global-13519 elementor-widget-image\" data-id=\"5969174\" data-element_type=\"widget\" data-e-type=\"widget\" data-widget_type=\"image.default\">\n\t\t\t\t<div class=\"elementor-widget-container\">\n\t\t\t\t\t\t\t\t\t\t\t\t\t\t\t\t<a href=\"https:\/\/get.adobe.com\/es\/reader\/\" target=\"_blank\">\n\t\t\t\t\t\t\t<img fetchpriority=\"high\" decoding=\"async\" width=\"751\" height=\"127\" src=\"https:\/\/mirex.gob.do\/transparencia\/wp-content\/uploads\/2022\/02\/adobe.png\" class=\"attachment-large size-large wp-image-11340\" alt=\"adobe\" srcset=\"https:\/\/mirex.gob.do\/transparencia\/wp-content\/uploads\/2022\/02\/adobe.png 751w, https:\/\/mirex.gob.do\/transparencia\/wp-content\/uploads\/2022\/02\/adobe-300x51.png 300w\" sizes=\"(max-width: 751px) 100vw, 751px\" \/>\t\t\t\t\t\t\t\t<\/a>\n\t\t\t\t\t\t\t\t\t\t\t\t\t\t\t<\/div>\n\t\t\t\t<\/div>\n\t\t\t\t\t<\/div>\n\t\t<\/div>\n\t\t\t\t\t<\/div>\n\t\t<\/section>\n\t\t\t\t<\/div>\n\t\t","protected":false},"excerpt":{"rendered":"<p>Esta Secci\u00f3n contiene las leyes, decretos, resoluciones y normativas que constituyen el marco regulatorio en materia de transparencia de la Rep\u00fablica Dominicana. Marco legal del Sistema de transparencia Leyes Decretos Resoluciones Normativas Title Size Download<\/p>\n","protected":false},"author":6,"featured_media":0,"parent":0,"menu_order":0,"comment_status":"closed","ping_status":"closed","template":"","meta":{"site-sidebar-layout":"left-sidebar","site-content-layout":"plain-container","ast-site-content-layout":"default","site-content-style":"default","site-sidebar-style":"default","ast-global-header-display":"","ast-banner-title-visibility":"","ast-main-header-display":"","ast-hfb-above-header-display":"","ast-hfb-below-header-display":"","ast-hfb-mobile-header-display":"","site-post-title":"disabled","ast-breadcrumbs-content":"","ast-featured-img":"disabled","footer-sml-layout":"","ast-disable-related-posts":"","theme-transparent-header-meta":"","adv-header-id-meta":"","stick-header-meta":"","header-above-stick-meta":"","header-main-stick-meta":"","header-below-stick-meta":"","astra-migrate-meta-layouts":"default","ast-page-background-enabled":"default","ast-page-background-meta":{"desktop":{"background-color":"","background-image":"","background-repeat":"repeat","background-position":"center center","background-size":"auto","background-attachment":"scroll","background-type":"","background-media":"","overlay-type":"","overlay-color":"","overlay-opacity":"","overlay-gradient":""},"tablet":{"background-color":"","background-image":"","background-repeat":"repeat","background-position":"center center","background-size":"auto","background-attachment":"scroll","background-type":"","background-media":"","overlay-type":"","overlay-color":"","overlay-opacity":"","overlay-gradient":""},"mobile":{"background-color":"","background-image":"","background-repeat":"repeat","background-position":"center center","background-size":"auto","background-attachment":"scroll","background-type":"","background-media":"","overlay-type":"","overlay-color":"","overlay-opacity":"","overlay-gradient":""}},"ast-content-background-meta":{"desktop":{"background-color":"var(--ast-global-color-5)","background-image":"","background-repeat":"repeat","background-position":"center center","background-size":"auto","background-attachment":"scroll","background-type":"","background-media":"","overlay-type":"","overlay-color":"","overlay-opacity":"","overlay-gradient":""},"tablet":{"background-color":"var(--ast-global-color-5)","background-image":"","background-repeat":"repeat","background-position":"center center","background-size":"auto","background-attachment":"scroll","background-type":"","background-media":"","overlay-type":"","overlay-color":"","overlay-opacity":"","overlay-gradient":""},"mobile":{"background-color":"var(--ast-global-color-5)","background-image":"","background-repeat":"repeat","background-position":"center center","background-size":"auto","background-attachment":"scroll","background-type":"","background-media":"","overlay-type":"","overlay-color":"","overlay-opacity":"","overlay-gradient":""}},"footnotes":""},"categories":[194],"tags":[],"class_list":["post-11375","page","type-page","status-publish","hentry","category-categorias-principales"],"yoast_head":"<!-- This site is optimized with the Yoast SEO plugin v27.4 - https:\/\/yoast.com\/product\/yoast-seo-wordpress\/ -->\n<title>Marco Legal del Sistema de Transparencia - MIREX | Ministerio de Relaciones Exteriores<\/title>\n<meta name=\"robots\" content=\"index, follow, max-snippet:-1, max-image-preview:large, max-video-preview:-1\" \/>\n<link rel=\"canonical\" href=\"https:\/\/mirex.gob.do\/transparencia\/marco-legal-de-transparencia\/\" \/>\n<meta property=\"og:locale\" content=\"es_ES\" \/>\n<meta property=\"og:type\" content=\"article\" \/>\n<meta property=\"og:title\" content=\"Marco Legal del Sistema de Transparencia - MIREX | Ministerio de Relaciones Exteriores\" \/>\n<meta property=\"og:description\" content=\"Esta Secci\u00f3n contiene las leyes, decretos, resoluciones y normativas que constituyen el marco regulatorio en materia de transparencia de la Rep\u00fablica Dominicana. Marco legal del Sistema de transparencia Leyes Decretos Resoluciones Normativas Title Size Download\" \/>\n<meta property=\"og:url\" content=\"https:\/\/mirex.gob.do\/transparencia\/marco-legal-de-transparencia\/\" \/>\n<meta property=\"og:site_name\" content=\"MIREX | Ministerio de Relaciones Exteriores\" \/>\n<meta property=\"article:modified_time\" content=\"2023-08-31T14:00:54+00:00\" \/>\n<meta property=\"og:image\" content=\"https:\/\/mirex.gob.do\/transparencia\/wp-content\/uploads\/2022\/02\/adobe.png\" \/>\n<meta name=\"twitter:card\" content=\"summary_large_image\" \/>\n<script type=\"application\/ld+json\" class=\"yoast-schema-graph\">{\"@context\":\"https:\\\/\\\/schema.org\",\"@graph\":[{\"@type\":\"WebPage\",\"@id\":\"https:\\\/\\\/mirex.gob.do\\\/transparencia\\\/marco-legal-de-transparencia\\\/\",\"url\":\"https:\\\/\\\/mirex.gob.do\\\/transparencia\\\/marco-legal-de-transparencia\\\/\",\"name\":\"Marco Legal del Sistema de Transparencia - MIREX | Ministerio de Relaciones Exteriores\",\"isPartOf\":{\"@id\":\"https:\\\/\\\/mirex.gob.do\\\/transparencia\\\/#website\"},\"primaryImageOfPage\":{\"@id\":\"https:\\\/\\\/mirex.gob.do\\\/transparencia\\\/marco-legal-de-transparencia\\\/#primaryimage\"},\"image\":{\"@id\":\"https:\\\/\\\/mirex.gob.do\\\/transparencia\\\/marco-legal-de-transparencia\\\/#primaryimage\"},\"thumbnailUrl\":\"https:\\\/\\\/mirex.gob.do\\\/transparencia\\\/wp-content\\\/uploads\\\/2022\\\/02\\\/adobe.png\",\"datePublished\":\"2022-02-14T20:14:03+00:00\",\"dateModified\":\"2023-08-31T14:00:54+00:00\",\"breadcrumb\":{\"@id\":\"https:\\\/\\\/mirex.gob.do\\\/transparencia\\\/marco-legal-de-transparencia\\\/#breadcrumb\"},\"inLanguage\":\"es\",\"potentialAction\":[{\"@type\":\"ReadAction\",\"target\":[\"https:\\\/\\\/mirex.gob.do\\\/transparencia\\\/marco-legal-de-transparencia\\\/\"]}]},{\"@type\":\"ImageObject\",\"inLanguage\":\"es\",\"@id\":\"https:\\\/\\\/mirex.gob.do\\\/transparencia\\\/marco-legal-de-transparencia\\\/#primaryimage\",\"url\":\"https:\\\/\\\/mirex.gob.do\\\/transparencia\\\/wp-content\\\/uploads\\\/2022\\\/02\\\/adobe.png\",\"contentUrl\":\"https:\\\/\\\/mirex.gob.do\\\/transparencia\\\/wp-content\\\/uploads\\\/2022\\\/02\\\/adobe.png\",\"width\":751,\"height\":127,\"caption\":\"adobe\"},{\"@type\":\"BreadcrumbList\",\"@id\":\"https:\\\/\\\/mirex.gob.do\\\/transparencia\\\/marco-legal-de-transparencia\\\/#breadcrumb\",\"itemListElement\":[{\"@type\":\"ListItem\",\"position\":1,\"name\":\"Inicio\",\"item\":\"https:\\\/\\\/mirex.gob.do\\\/transparencia\\\/\"},{\"@type\":\"ListItem\",\"position\":2,\"name\":\"Marco Legal del Sistema de Transparencia\"}]},{\"@type\":\"WebSite\",\"@id\":\"https:\\\/\\\/mirex.gob.do\\\/transparencia\\\/#website\",\"url\":\"https:\\\/\\\/mirex.gob.do\\\/transparencia\\\/\",\"name\":\"MIREX | Ministerio de Relaciones Exteriores\",\"description\":\"Ministerio de Relaciones Exteriores (MIREX) es una instituci\u00f3n centralizada del Estado Dominicano, creada mediante ley, en los albores del surgimiento de la naci\u00f3n misma. Amparada en la Ley No. 314 del 6 de julio de 1964 y su Reglamento de aplicaci\u00f3n, este organismo es el responsable de implementar la Pol\u00edtica Exterior del pa\u00eds, la cual seg\u00fan se explica a continuaci\u00f3n, es trazada por el Presidente de la Rep\u00fablica.\",\"publisher\":{\"@id\":\"https:\\\/\\\/mirex.gob.do\\\/transparencia\\\/#organization\"},\"potentialAction\":[{\"@type\":\"SearchAction\",\"target\":{\"@type\":\"EntryPoint\",\"urlTemplate\":\"https:\\\/\\\/mirex.gob.do\\\/transparencia\\\/?s={search_term_string}\"},\"query-input\":{\"@type\":\"PropertyValueSpecification\",\"valueRequired\":true,\"valueName\":\"search_term_string\"}}],\"inLanguage\":\"es\"},{\"@type\":\"Organization\",\"@id\":\"https:\\\/\\\/mirex.gob.do\\\/transparencia\\\/#organization\",\"name\":\"MIREX | Ministerio de Relaciones Exteriores\",\"url\":\"https:\\\/\\\/mirex.gob.do\\\/transparencia\\\/\",\"logo\":{\"@type\":\"ImageObject\",\"inLanguage\":\"es\",\"@id\":\"https:\\\/\\\/mirex.gob.do\\\/transparencia\\\/#\\\/schema\\\/logo\\\/image\\\/\",\"url\":\"https:\\\/\\\/mirex.gob.do\\\/transparencia\\\/wp-content\\\/uploads\\\/2021\\\/09\\\/Iconos-para-web-MIREX-28.png\",\"contentUrl\":\"https:\\\/\\\/mirex.gob.do\\\/transparencia\\\/wp-content\\\/uploads\\\/2021\\\/09\\\/Iconos-para-web-MIREX-28.png\",\"width\":2980,\"height\":2505,\"caption\":\"MIREX | Ministerio de Relaciones Exteriores\"},\"image\":{\"@id\":\"https:\\\/\\\/mirex.gob.do\\\/transparencia\\\/#\\\/schema\\\/logo\\\/image\\\/\"}}]}<\/script>\n<!-- \/ Yoast SEO plugin. -->","yoast_head_json":{"title":"Marco Legal del Sistema de Transparencia - MIREX | Ministerio de Relaciones Exteriores","robots":{"index":"index","follow":"follow","max-snippet":"max-snippet:-1","max-image-preview":"max-image-preview:large","max-video-preview":"max-video-preview:-1"},"canonical":"https:\/\/mirex.gob.do\/transparencia\/marco-legal-de-transparencia\/","og_locale":"es_ES","og_type":"article","og_title":"Marco Legal del Sistema de Transparencia - MIREX | Ministerio de Relaciones Exteriores","og_description":"Esta Secci\u00f3n contiene las leyes, decretos, resoluciones y normativas que constituyen el marco regulatorio en materia de transparencia de la Rep\u00fablica Dominicana. Marco legal del Sistema de transparencia Leyes Decretos Resoluciones Normativas Title Size Download","og_url":"https:\/\/mirex.gob.do\/transparencia\/marco-legal-de-transparencia\/","og_site_name":"MIREX | Ministerio de Relaciones Exteriores","article_modified_time":"2023-08-31T14:00:54+00:00","og_image":[{"url":"https:\/\/mirex.gob.do\/transparencia\/wp-content\/uploads\/2022\/02\/adobe.png","type":"","width":"","height":""}],"twitter_card":"summary_large_image","schema":{"@context":"https:\/\/schema.org","@graph":[{"@type":"WebPage","@id":"https:\/\/mirex.gob.do\/transparencia\/marco-legal-de-transparencia\/","url":"https:\/\/mirex.gob.do\/transparencia\/marco-legal-de-transparencia\/","name":"Marco Legal del Sistema de Transparencia - MIREX | Ministerio de Relaciones Exteriores","isPartOf":{"@id":"https:\/\/mirex.gob.do\/transparencia\/#website"},"primaryImageOfPage":{"@id":"https:\/\/mirex.gob.do\/transparencia\/marco-legal-de-transparencia\/#primaryimage"},"image":{"@id":"https:\/\/mirex.gob.do\/transparencia\/marco-legal-de-transparencia\/#primaryimage"},"thumbnailUrl":"https:\/\/mirex.gob.do\/transparencia\/wp-content\/uploads\/2022\/02\/adobe.png","datePublished":"2022-02-14T20:14:03+00:00","dateModified":"2023-08-31T14:00:54+00:00","breadcrumb":{"@id":"https:\/\/mirex.gob.do\/transparencia\/marco-legal-de-transparencia\/#breadcrumb"},"inLanguage":"es","potentialAction":[{"@type":"ReadAction","target":["https:\/\/mirex.gob.do\/transparencia\/marco-legal-de-transparencia\/"]}]},{"@type":"ImageObject","inLanguage":"es","@id":"https:\/\/mirex.gob.do\/transparencia\/marco-legal-de-transparencia\/#primaryimage","url":"https:\/\/mirex.gob.do\/transparencia\/wp-content\/uploads\/2022\/02\/adobe.png","contentUrl":"https:\/\/mirex.gob.do\/transparencia\/wp-content\/uploads\/2022\/02\/adobe.png","width":751,"height":127,"caption":"adobe"},{"@type":"BreadcrumbList","@id":"https:\/\/mirex.gob.do\/transparencia\/marco-legal-de-transparencia\/#breadcrumb","itemListElement":[{"@type":"ListItem","position":1,"name":"Inicio","item":"https:\/\/mirex.gob.do\/transparencia\/"},{"@type":"ListItem","position":2,"name":"Marco Legal del Sistema de Transparencia"}]},{"@type":"WebSite","@id":"https:\/\/mirex.gob.do\/transparencia\/#website","url":"https:\/\/mirex.gob.do\/transparencia\/","name":"MIREX | Ministerio de Relaciones Exteriores","description":"Ministerio de Relaciones Exteriores (MIREX) es una instituci\u00f3n centralizada del Estado Dominicano, creada mediante ley, en los albores del surgimiento de la naci\u00f3n misma. Amparada en la Ley No. 314 del 6 de julio de 1964 y su Reglamento de aplicaci\u00f3n, este organismo es el responsable de implementar la Pol\u00edtica Exterior del pa\u00eds, la cual seg\u00fan se explica a continuaci\u00f3n, es trazada por el Presidente de la Rep\u00fablica.","publisher":{"@id":"https:\/\/mirex.gob.do\/transparencia\/#organization"},"potentialAction":[{"@type":"SearchAction","target":{"@type":"EntryPoint","urlTemplate":"https:\/\/mirex.gob.do\/transparencia\/?s={search_term_string}"},"query-input":{"@type":"PropertyValueSpecification","valueRequired":true,"valueName":"search_term_string"}}],"inLanguage":"es"},{"@type":"Organization","@id":"https:\/\/mirex.gob.do\/transparencia\/#organization","name":"MIREX | Ministerio de Relaciones Exteriores","url":"https:\/\/mirex.gob.do\/transparencia\/","logo":{"@type":"ImageObject","inLanguage":"es","@id":"https:\/\/mirex.gob.do\/transparencia\/#\/schema\/logo\/image\/","url":"https:\/\/mirex.gob.do\/transparencia\/wp-content\/uploads\/2021\/09\/Iconos-para-web-MIREX-28.png","contentUrl":"https:\/\/mirex.gob.do\/transparencia\/wp-content\/uploads\/2021\/09\/Iconos-para-web-MIREX-28.png","width":2980,"height":2505,"caption":"MIREX | Ministerio de Relaciones Exteriores"},"image":{"@id":"https:\/\/mirex.gob.do\/transparencia\/#\/schema\/logo\/image\/"}}]}},"_links":{"self":[{"href":"https:\/\/mirex.gob.do\/transparencia\/wp-json\/wp\/v2\/pages\/11375","targetHints":{"allow":["GET"]}}],"collection":[{"href":"https:\/\/mirex.gob.do\/transparencia\/wp-json\/wp\/v2\/pages"}],"about":[{"href":"https:\/\/mirex.gob.do\/transparencia\/wp-json\/wp\/v2\/types\/page"}],"author":[{"embeddable":true,"href":"https:\/\/mirex.gob.do\/transparencia\/wp-json\/wp\/v2\/users\/6"}],"replies":[{"embeddable":true,"href":"https:\/\/mirex.gob.do\/transparencia\/wp-json\/wp\/v2\/comments?post=11375"}],"version-history":[{"count":26,"href":"https:\/\/mirex.gob.do\/transparencia\/wp-json\/wp\/v2\/pages\/11375\/revisions"}],"predecessor-version":[{"id":16234,"href":"https:\/\/mirex.gob.do\/transparencia\/wp-json\/wp\/v2\/pages\/11375\/revisions\/16234"}],"wp:attachment":[{"href":"https:\/\/mirex.gob.do\/transparencia\/wp-json\/wp\/v2\/media?parent=11375"}],"wp:term":[{"taxonomy":"category","embeddable":true,"href":"https:\/\/mirex.gob.do\/transparencia\/wp-json\/wp\/v2\/categories?post=11375"},{"taxonomy":"post_tag","embeddable":true,"href":"https:\/\/mirex.gob.do\/transparencia\/wp-json\/wp\/v2\/tags?post=11375"}],"curies":[{"name":"wp","href":"https:\/\/api.w.org\/{rel}","templated":true}]}}